{"id":214071,"date":"2019-12-02T20:46:13","date_gmt":"2019-12-02T20:46:13","guid":{"rendered":"https:\/\/doremimusical.com.br\/2019\/?post_type=product&#038;p=214071"},"modified":"2019-12-02T20:46:14","modified_gmt":"2019-12-02T20:46:14","slug":"suporte-nomad-triplo-para-guitarra-baixo-ou-violao-com-regulagem-de-altura","status":"publish","type":"product","link":"https:\/\/doremimusical.com.br\/2019\/produto\/suporte-nomad-triplo-para-guitarra-baixo-ou-violao-com-regulagem-de-altura\/","title":{"rendered":"Suporte Nomad Triplo para Guitarra, Baixo ou Viol\u00e3o com Regulagem de Altura"},"content":{"rendered":"<p>Suporte triplo, de excelente qualidade, com espumas para prote\u00e7\u00e3o dos instrumentos. Adequado para viol\u00e3o, guitarra e baixo. Perfeita para est\u00fadios e palcos. Base tripla dobr\u00e1vel. Constru\u00edda em metal. Encosto para o corpo do instrumento. C\u00f3digo Izzo: 10702<\/p>\n<p>\u2022 Material: Alum\u00ednio<br \/>\n\u2022 Cor: Preto<br \/>\n\u2022 Espuma de Prote\u00e7\u00e3o<br \/>\n\u2022 Dobr\u00e1vel<br \/>\n\u2022 Altura: 84 a 118 cm<\/p>\n","protected":false},"excerpt":{"rendered":"<p>Suporte triplo, de excelente qualidade, com espumas para prote\u00e7\u00e3o dos instrumentos. Adequado para viol\u00e3o, guitarra e baixo. Perfeita para est\u00fadios e palcos. Base tripla dobr\u00e1vel. Constru\u00edda em metal. Encosto para o corpo do instrumento. C\u00f3digo Izzo: 10702 \u2022 Material: Alum\u00ednio \u2022 Cor: Preto \u2022 Espuma de Prote\u00e7\u00e3o \u2022 Dobr\u00e1vel \u2022 Altura: 84 a 118 cm<\/p>\n","protected":false},"featured_media":214072,"template":"","meta":{"_et_pb_use_builder":"","_et_pb_old_content":"","_et_gb_content_width":""},"product_cat":[79,82,422,424,333],"product_tag":[],"_links":{"self":[{"href":"https:\/\/doremimusical.com.br\/2019\/wp-json\/wp\/v2\/product\/214071"}],"collection":[{"href":"https:\/\/doremimusical.com.br\/2019\/wp-json\/wp\/v2\/product"}],"about":[{"href":"https:\/\/doremimusical.com.br\/2019\/wp-json\/wp\/v2\/types\/product"}],"wp:featuredmedia":[{"embeddable":true,"href":"https:\/\/doremimusical.com.br\/2019\/wp-json\/wp\/v2\/media\/214072"}],"wp:attachment":[{"href":"https:\/\/doremimusical.com.br\/2019\/wp-json\/wp\/v2\/media?parent=214071"}],"wp:term":[{"taxonomy":"product_cat","embeddable":true,"href":"https:\/\/doremimusical.com.br\/2019\/wp-json\/wp\/v2\/product_cat?post=214071"},{"taxonomy":"product_tag","embeddable":true,"href":"https:\/\/doremimusical.com.br\/2019\/wp-json\/wp\/v2\/product_tag?post=214071"}],"curies":[{"name":"wp","href":"https:\/\/api.w.org\/{rel}","templated":true}]}}