{"id":214054,"date":"2019-12-02T19:51:51","date_gmt":"2019-12-02T19:51:51","guid":{"rendered":"https:\/\/doremimusical.com.br\/2019\/?post_type=product&#038;p=214054"},"modified":"2019-12-02T19:51:52","modified_gmt":"2019-12-02T19:51:52","slug":"suporte-hercules-dobravel-para-sax-alto-ou-tenor","status":"publish","type":"product","link":"https:\/\/doremimusical.com.br\/2019\/produto\/suporte-hercules-dobravel-para-sax-alto-ou-tenor\/","title":{"rendered":"Suporte Hercules Dobr\u00e1vel para Sax Alto ou Tenor"},"content":{"rendered":"<p>Suporte com apoio emborrachado para saxofone Alto ou Tenor. Com apoio ajust\u00e1vel, dois suportes extras destac\u00e1veis para instala\u00e7\u00e3o nos p\u00e9s e p\u00e9s articul\u00e1veis. C\u00f3digo Izzo: 5311<br \/>\n\u2022 Material: Alum\u00ednio<br \/>\n\u2022 Apoio Emborrachado e Ajust\u00e1vel<br \/>\n\u2022 Suportes Extras Destac\u00e1veis<br \/>\n\u2022 P\u00e9s Articul\u00e1veis<br \/>\n\u2022 Medidas: 310x140mm<br \/>\n\u2022 Peso: 1,1kg<br \/>\n\u2022 Cor: Preto<\/p>\n","protected":false},"excerpt":{"rendered":"<p><img loading=\"lazy\" class=\"alignnone size-full wp-image-214048\" src=\"https:\/\/doremimusical.com.br\/2019\/wp-content\/uploads\/2019\/12\/Hercules.png\" alt=\"\" width=\"248\" height=\"46\" srcset=\"https:\/\/doremimusical.com.br\/2019\/wp-content\/uploads\/2019\/12\/Hercules.png 248w, https:\/\/doremimusical.com.br\/2019\/wp-content\/uploads\/2019\/12\/Hercules-150x28.png 150w\" sizes=\"(max-width: 248px) 100vw, 248px\" \/><\/p>\n","protected":false},"featured_media":214055,"template":"","meta":{"_et_pb_use_builder":"","_et_pb_old_content":"","_et_gb_content_width":""},"product_cat":[79,82,419,418,333],"product_tag":[],"_links":{"self":[{"href":"https:\/\/doremimusical.com.br\/2019\/wp-json\/wp\/v2\/product\/214054"}],"collection":[{"href":"https:\/\/doremimusical.com.br\/2019\/wp-json\/wp\/v2\/product"}],"about":[{"href":"https:\/\/doremimusical.com.br\/2019\/wp-json\/wp\/v2\/types\/product"}],"wp:featuredmedia":[{"embeddable":true,"href":"https:\/\/doremimusical.com.br\/2019\/wp-json\/wp\/v2\/media\/214055"}],"wp:attachment":[{"href":"https:\/\/doremimusical.com.br\/2019\/wp-json\/wp\/v2\/media?parent=214054"}],"wp:term":[{"taxonomy":"product_cat","embeddable":true,"href":"https:\/\/doremimusical.com.br\/2019\/wp-json\/wp\/v2\/product_cat?post=214054"},{"taxonomy":"product_tag","embeddable":true,"href":"https:\/\/doremimusical.com.br\/2019\/wp-json\/wp\/v2\/product_tag?post=214054"}],"curies":[{"name":"wp","href":"https:\/\/api.w.org\/{rel}","templated":true}]}}