{"id":214049,"date":"2019-12-02T19:40:19","date_gmt":"2019-12-02T19:40:19","guid":{"rendered":"https:\/\/doremimusical.com.br\/2019\/?post_type=product&#038;p=214049"},"modified":"2019-12-02T19:41:15","modified_gmt":"2019-12-02T19:41:15","slug":"suporte-hercules-deluxe-para-flauta-ou-clarinete","status":"publish","type":"product","link":"https:\/\/doremimusical.com.br\/2019\/produto\/suporte-hercules-deluxe-para-flauta-ou-clarinete\/","title":{"rendered":"Suporte Hercules Deluxe para Flauta ou Clarinete"},"content":{"rendered":"<p>Suporte emborrachado destac\u00e1vel para flauta e clarinete, apresenta p\u00e9s ajust\u00e1veis. C\u00f3digo Izzo: 6151<\/p>\n<p>\u2022 Material: Alum\u00ednio<br \/>\n\u2022 Suporte Emborrachado<br \/>\n\u2022 P\u00e9s Ajust\u00e1veis<br \/>\n\u2022 Medidas: 185X90mm<br \/>\n\u2022 Peso: 0,5kg<br \/>\n\u2022 Cor: Preto<\/p>\n","protected":false},"excerpt":{"rendered":"<p><img loading=\"lazy\" class=\"alignnone size-full wp-image-214048\" src=\"https:\/\/doremimusical.com.br\/2019\/wp-content\/uploads\/2019\/12\/Hercules.png\" alt=\"\" width=\"248\" height=\"46\" srcset=\"https:\/\/doremimusical.com.br\/2019\/wp-content\/uploads\/2019\/12\/Hercules.png 248w, https:\/\/doremimusical.com.br\/2019\/wp-content\/uploads\/2019\/12\/Hercules-150x28.png 150w\" sizes=\"(max-width: 248px) 100vw, 248px\" \/><\/p>\n","protected":false},"featured_media":214050,"template":"","meta":{"_et_pb_use_builder":"","_et_pb_old_content":"","_et_gb_content_width":""},"product_cat":[79,82,419,418,333],"product_tag":[],"_links":{"self":[{"href":"https:\/\/doremimusical.com.br\/2019\/wp-json\/wp\/v2\/product\/214049"}],"collection":[{"href":"https:\/\/doremimusical.com.br\/2019\/wp-json\/wp\/v2\/product"}],"about":[{"href":"https:\/\/doremimusical.com.br\/2019\/wp-json\/wp\/v2\/types\/product"}],"wp:featuredmedia":[{"embeddable":true,"href":"https:\/\/doremimusical.com.br\/2019\/wp-json\/wp\/v2\/media\/214050"}],"wp:attachment":[{"href":"https:\/\/doremimusical.com.br\/2019\/wp-json\/wp\/v2\/media?parent=214049"}],"wp:term":[{"taxonomy":"product_cat","embeddable":true,"href":"https:\/\/doremimusical.com.br\/2019\/wp-json\/wp\/v2\/product_cat?post=214049"},{"taxonomy":"product_tag","embeddable":true,"href":"https:\/\/doremimusical.com.br\/2019\/wp-json\/wp\/v2\/product_tag?post=214049"}],"curies":[{"name":"wp","href":"https:\/\/api.w.org\/{rel}","templated":true}]}}