{"id":214031,"date":"2019-12-02T18:26:59","date_gmt":"2019-12-02T18:26:59","guid":{"rendered":"https:\/\/doremimusical.com.br\/2019\/?post_type=product&#038;p=214031"},"modified":"2020-01-05T01:36:23","modified_gmt":"2020-01-05T01:36:23","slug":"capotraste-delrin-prata-em-aluminio-para-violao","status":"publish","type":"product","link":"https:\/\/doremimusical.com.br\/2019\/produto\/capotraste-delrin-prata-em-aluminio-para-violao\/","title":{"rendered":"Capotraste Dolphin Prata em Aluminio para Viol\u00e3o"},"content":{"rendered":"<p>Os acess\u00f3rios Dolphin contam com uma das maiores linhas de produtos para que seu instrumento esteja sempre pronto para ser tocado. Capotrastes em Aluminio que seguram a afina\u00e7\u00e3o e f\u00e1ceis na hora de mudar a posi\u00e7\u00e3o no bra\u00e7o.<\/p>\n<p>\u2022 Material: Aluminio<br \/>\n\u2022 Modelo: Delin<br \/>\n\u2022 Cor: Prata<br \/>\n\u2022 Para Viol\u00e3o<\/p>\n","protected":false},"excerpt":{"rendered":"<p><img loading=\"lazy\" class=\"alignnone size-full wp-image-212477\" src=\"https:\/\/doremimusical.com.br\/2019\/wp-content\/uploads\/2019\/10\/Dolphin.png\" alt=\"\" width=\"180\" height=\"60\" srcset=\"https:\/\/doremimusical.com.br\/2019\/wp-content\/uploads\/2019\/10\/Dolphin.png 180w, https:\/\/doremimusical.com.br\/2019\/wp-content\/uploads\/2019\/10\/Dolphin-150x50.png 150w\" sizes=\"(max-width: 180px) 100vw, 180px\" \/><\/p>\n","protected":false},"featured_media":214032,"template":"","meta":{"_et_pb_use_builder":"","_et_pb_old_content":"","_et_gb_content_width":""},"product_cat":[79,82,414,332,544,543],"product_tag":[],"_links":{"self":[{"href":"https:\/\/doremimusical.com.br\/2019\/wp-json\/wp\/v2\/product\/214031"}],"collection":[{"href":"https:\/\/doremimusical.com.br\/2019\/wp-json\/wp\/v2\/product"}],"about":[{"href":"https:\/\/doremimusical.com.br\/2019\/wp-json\/wp\/v2\/types\/product"}],"wp:featuredmedia":[{"embeddable":true,"href":"https:\/\/doremimusical.com.br\/2019\/wp-json\/wp\/v2\/media\/214032"}],"wp:attachment":[{"href":"https:\/\/doremimusical.com.br\/2019\/wp-json\/wp\/v2\/media?parent=214031"}],"wp:term":[{"taxonomy":"product_cat","embeddable":true,"href":"https:\/\/doremimusical.com.br\/2019\/wp-json\/wp\/v2\/product_cat?post=214031"},{"taxonomy":"product_tag","embeddable":true,"href":"https:\/\/doremimusical.com.br\/2019\/wp-json\/wp\/v2\/product_tag?post=214031"}],"curies":[{"name":"wp","href":"https:\/\/api.w.org\/{rel}","templated":true}]}}