{"id":214013,"date":"2019-11-28T22:25:46","date_gmt":"2019-11-28T22:25:46","guid":{"rendered":"https:\/\/doremimusical.com.br\/2019\/?post_type=product&#038;p=214013"},"modified":"2019-11-28T22:25:46","modified_gmt":"2019-11-28T22:25:46","slug":"limpador-e-polidor-donlop-platinum-65-para-guitarra-e-baixo-com-118ml","status":"publish","type":"product","link":"https:\/\/doremimusical.com.br\/2019\/produto\/limpador-e-polidor-donlop-platinum-65-para-guitarra-e-baixo-com-118ml\/","title":{"rendered":"Limpador e Polidor Donlop Platinum 65 para Guitarra e Baixo com 118ml"},"content":{"rendered":"<p>O Platinum 65 \u00e9 otimizado para guitarras ou baixos proporcionando uma barreira de prote\u00e7\u00e3o que oferece resist\u00eancia superior a sujeira e umidade. Menor tempo e menos esfor\u00e7o para aplicar e secar. Proteje contra as impress\u00f5es digitais e arranh\u00f5es. Livre de silicone. Biodegrad\u00e1vel e at\u00f3xico. C\u00f3digo Izzo: 8915<\/p>\n<p>\u2022 Limpador e polidor de \u201cMontan Wax\u201d Platinum 65<br \/>\n\u2022 Pacote com 6 frascos de 118ml<br \/>\n\u2022 Cor: Azul<\/p>\n","protected":false},"excerpt":{"rendered":"<p><img loading=\"lazy\" class=\"alignnone size-full wp-image-212355\" src=\"https:\/\/doremimusical.com.br\/2019\/wp-content\/uploads\/2019\/09\/Dunlop.png\" alt=\"\" width=\"201\" height=\"53\" srcset=\"https:\/\/doremimusical.com.br\/2019\/wp-content\/uploads\/2019\/09\/Dunlop.png 201w, https:\/\/doremimusical.com.br\/2019\/wp-content\/uploads\/2019\/09\/Dunlop-150x40.png 150w\" sizes=\"(max-width: 201px) 100vw, 201px\" \/><\/p>\n","protected":false},"featured_media":214014,"template":"","meta":{"_et_pb_use_builder":"","_et_pb_old_content":"","_et_gb_content_width":""},"product_cat":[79,82,332,410,409],"product_tag":[],"_links":{"self":[{"href":"https:\/\/doremimusical.com.br\/2019\/wp-json\/wp\/v2\/product\/214013"}],"collection":[{"href":"https:\/\/doremimusical.com.br\/2019\/wp-json\/wp\/v2\/product"}],"about":[{"href":"https:\/\/doremimusical.com.br\/2019\/wp-json\/wp\/v2\/types\/product"}],"wp:featuredmedia":[{"embeddable":true,"href":"https:\/\/doremimusical.com.br\/2019\/wp-json\/wp\/v2\/media\/214014"}],"wp:attachment":[{"href":"https:\/\/doremimusical.com.br\/2019\/wp-json\/wp\/v2\/media?parent=214013"}],"wp:term":[{"taxonomy":"product_cat","embeddable":true,"href":"https:\/\/doremimusical.com.br\/2019\/wp-json\/wp\/v2\/product_cat?post=214013"},{"taxonomy":"product_tag","embeddable":true,"href":"https:\/\/doremimusical.com.br\/2019\/wp-json\/wp\/v2\/product_tag?post=214013"}],"curies":[{"name":"wp","href":"https:\/\/api.w.org\/{rel}","templated":true}]}}