{"id":214004,"date":"2019-11-28T21:45:54","date_gmt":"2019-11-28T21:45:54","guid":{"rendered":"https:\/\/doremimusical.com.br\/2019\/?post_type=product&#038;p=214004"},"modified":"2019-12-05T18:39:00","modified_gmt":"2019-12-05T18:39:00","slug":"arco-dominante-para-violino-1-2","status":"publish","type":"product","link":"https:\/\/doremimusical.com.br\/2019\/produto\/arco-dominante-para-violino-1-2\/","title":{"rendered":"Arco Dominante para Violino 1\/2"},"content":{"rendered":"<p>Arco arredondado com boa envergadura, estabilidade e \u00f3tima tens\u00e3o na crina. C\u00f3digo Izzo: 9638<\/p>\n<p>\u2022 Crina sint\u00e9tica<br \/>\n\u2022 Arco arredondado<\/p>\n","protected":false},"excerpt":{"rendered":"<p><img loading=\"lazy\" class=\"alignnone wp-image-212214\" src=\"https:\/\/doremimusical.com.br\/2019\/wp-content\/uploads\/2019\/09\/Dominante-300x90.png\" alt=\"\" width=\"197\" height=\"59\" srcset=\"https:\/\/doremimusical.com.br\/2019\/wp-content\/uploads\/2019\/09\/Dominante-300x90.png 300w, https:\/\/doremimusical.com.br\/2019\/wp-content\/uploads\/2019\/09\/Dominante-150x45.png 150w, https:\/\/doremimusical.com.br\/2019\/wp-content\/uploads\/2019\/09\/Dominante.png 310w\" sizes=\"(max-width: 197px) 100vw, 197px\" \/><\/p>\n","protected":false},"featured_media":214005,"template":"","meta":{"_et_pb_use_builder":"","_et_pb_old_content":"","_et_gb_content_width":""},"product_cat":[79,82,407,332,453,402],"product_tag":[],"_links":{"self":[{"href":"https:\/\/doremimusical.com.br\/2019\/wp-json\/wp\/v2\/product\/214004"}],"collection":[{"href":"https:\/\/doremimusical.com.br\/2019\/wp-json\/wp\/v2\/product"}],"about":[{"href":"https:\/\/doremimusical.com.br\/2019\/wp-json\/wp\/v2\/types\/product"}],"wp:featuredmedia":[{"embeddable":true,"href":"https:\/\/doremimusical.com.br\/2019\/wp-json\/wp\/v2\/media\/214005"}],"wp:attachment":[{"href":"https:\/\/doremimusical.com.br\/2019\/wp-json\/wp\/v2\/media?parent=214004"}],"wp:term":[{"taxonomy":"product_cat","embeddable":true,"href":"https:\/\/doremimusical.com.br\/2019\/wp-json\/wp\/v2\/product_cat?post=214004"},{"taxonomy":"product_tag","embeddable":true,"href":"https:\/\/doremimusical.com.br\/2019\/wp-json\/wp\/v2\/product_tag?post=214004"}],"curies":[{"name":"wp","href":"https:\/\/api.w.org\/{rel}","templated":true}]}}