{"id":214000,"date":"2019-11-28T19:03:28","date_gmt":"2019-11-28T19:03:28","guid":{"rendered":"https:\/\/doremimusical.com.br\/2019\/?post_type=product&#038;p=214000"},"modified":"2019-11-28T19:03:28","modified_gmt":"2019-11-28T19:03:28","slug":"espaleira-dominante-para-violino-1-2-e-3-4","status":"publish","type":"product","link":"https:\/\/doremimusical.com.br\/2019\/produto\/espaleira-dominante-para-violino-1-2-e-3-4\/","title":{"rendered":"Espaleira Dominante para Violino 1\/2 e 3\/4"},"content":{"rendered":"<p>Espaleira com formato ergon\u00f4mico, garante maior conforto para o violinista. Construida com pl\u00e1stico super dur\u00e1vel e apoio no ombro feito de borracha macia. C\u00f3digo Izzo: 9234<\/p>\n<p>\u2022 Material: Pl\u00e1stico<br \/>\n\u2022 Apoio do Ombro: Borracha Macia<br \/>\n\u2022 Formato Ergon\u00f4mico<br \/>\n\u2022 Tamanho: 1\/2 e 3\/4<\/p>\n","protected":false},"excerpt":{"rendered":"<p><img loading=\"lazy\" class=\"alignnone  wp-image-212214\" src=\"https:\/\/doremimusical.com.br\/2019\/wp-content\/uploads\/2019\/09\/Dominante-300x90.png\" alt=\"\" width=\"197\" height=\"59\" srcset=\"https:\/\/doremimusical.com.br\/2019\/wp-content\/uploads\/2019\/09\/Dominante-300x90.png 300w, https:\/\/doremimusical.com.br\/2019\/wp-content\/uploads\/2019\/09\/Dominante-150x45.png 150w, https:\/\/doremimusical.com.br\/2019\/wp-content\/uploads\/2019\/09\/Dominante.png 310w\" sizes=\"(max-width: 197px) 100vw, 197px\" \/><\/p>\n","protected":false},"featured_media":214001,"template":"","meta":{"_et_pb_use_builder":"","_et_pb_old_content":"","_et_gb_content_width":""},"product_cat":[79,82,332,406,405,402],"product_tag":[],"_links":{"self":[{"href":"https:\/\/doremimusical.com.br\/2019\/wp-json\/wp\/v2\/product\/214000"}],"collection":[{"href":"https:\/\/doremimusical.com.br\/2019\/wp-json\/wp\/v2\/product"}],"about":[{"href":"https:\/\/doremimusical.com.br\/2019\/wp-json\/wp\/v2\/types\/product"}],"wp:featuredmedia":[{"embeddable":true,"href":"https:\/\/doremimusical.com.br\/2019\/wp-json\/wp\/v2\/media\/214001"}],"wp:attachment":[{"href":"https:\/\/doremimusical.com.br\/2019\/wp-json\/wp\/v2\/media?parent=214000"}],"wp:term":[{"taxonomy":"product_cat","embeddable":true,"href":"https:\/\/doremimusical.com.br\/2019\/wp-json\/wp\/v2\/product_cat?post=214000"},{"taxonomy":"product_tag","embeddable":true,"href":"https:\/\/doremimusical.com.br\/2019\/wp-json\/wp\/v2\/product_tag?post=214000"}],"curies":[{"name":"wp","href":"https:\/\/api.w.org\/{rel}","templated":true}]}}