{"id":213976,"date":"2019-11-28T15:07:41","date_gmt":"2019-11-28T15:07:41","guid":{"rendered":"https:\/\/doremimusical.com.br\/2019\/?post_type=product&#038;p=213976"},"modified":"2019-11-28T15:07:43","modified_gmt":"2019-11-28T15:07:43","slug":"kit-dominante-hill-para-violino-4-4-em-ebano-com-7-pecas-e-pino-colar-preto","status":"publish","type":"product","link":"https:\/\/doremimusical.com.br\/2019\/produto\/kit-dominante-hill-para-violino-4-4-em-ebano-com-7-pecas-e-pino-colar-preto\/","title":{"rendered":"Kit Dominante Hill para Violino 4\/4 em \u00c9bano com 7 Pe\u00e7as e Pino Colar Preto"},"content":{"rendered":"<p>Kit Hill para Violino 4\/4 em \u00c9bano com 7 Pe\u00e7as e Pino Colar Preto C\u00f3digo Izzo: 8312<\/p>\n<p>\u2022 4 Cravelhas Modelo Hill com Pino Colar Preto<br \/>\n\u2022 Estandarte Standard<br \/>\n\u2022 Queixeira Guarnieri<br \/>\n\u2022 Bot\u00e3o com Pino Preto<\/p>\n","protected":false},"excerpt":{"rendered":"<p><img loading=\"lazy\" class=\"alignnone  wp-image-212214\" src=\"https:\/\/doremimusical.com.br\/2019\/wp-content\/uploads\/2019\/09\/Dominante-300x90.png\" alt=\"\" width=\"197\" height=\"59\" srcset=\"https:\/\/doremimusical.com.br\/2019\/wp-content\/uploads\/2019\/09\/Dominante-300x90.png 300w, https:\/\/doremimusical.com.br\/2019\/wp-content\/uploads\/2019\/09\/Dominante-150x45.png 150w, https:\/\/doremimusical.com.br\/2019\/wp-content\/uploads\/2019\/09\/Dominante.png 310w\" sizes=\"(max-width: 197px) 100vw, 197px\" \/><\/p>\n","protected":false},"featured_media":213977,"template":"","meta":{"_et_pb_use_builder":"","_et_pb_old_content":"","_et_gb_content_width":""},"product_cat":[79,82,332,401,400],"product_tag":[],"_links":{"self":[{"href":"https:\/\/doremimusical.com.br\/2019\/wp-json\/wp\/v2\/product\/213976"}],"collection":[{"href":"https:\/\/doremimusical.com.br\/2019\/wp-json\/wp\/v2\/product"}],"about":[{"href":"https:\/\/doremimusical.com.br\/2019\/wp-json\/wp\/v2\/types\/product"}],"wp:featuredmedia":[{"embeddable":true,"href":"https:\/\/doremimusical.com.br\/2019\/wp-json\/wp\/v2\/media\/213977"}],"wp:attachment":[{"href":"https:\/\/doremimusical.com.br\/2019\/wp-json\/wp\/v2\/media?parent=213976"}],"wp:term":[{"taxonomy":"product_cat","embeddable":true,"href":"https:\/\/doremimusical.com.br\/2019\/wp-json\/wp\/v2\/product_cat?post=213976"},{"taxonomy":"product_tag","embeddable":true,"href":"https:\/\/doremimusical.com.br\/2019\/wp-json\/wp\/v2\/product_tag?post=213976"}],"curies":[{"name":"wp","href":"https:\/\/api.w.org\/{rel}","templated":true}]}}