{"id":213961,"date":"2019-11-28T12:48:51","date_gmt":"2019-11-28T12:48:51","guid":{"rendered":"https:\/\/doremimusical.com.br\/2019\/?post_type=product&#038;p=213961"},"modified":"2019-11-28T12:48:51","modified_gmt":"2019-11-28T12:48:51","slug":"estandarte-dominante-hill-para-viola-em-ebano","status":"publish","type":"product","link":"https:\/\/doremimusical.com.br\/2019\/produto\/estandarte-dominante-hill-para-viola-em-ebano\/","title":{"rendered":"Estandarte Dominante Hill para Viola em \u00c9bano"},"content":{"rendered":"<p>Estandarte no modelo Hill para viola. Modelo em \u00e9bano lhe proporciona um som mais profundo e quente. C\u00f3digo Izzo: 8300<\/p>\n<p>\u2022 Material: \u00c9bano<br \/>\n\u2022 Modelo Hill<\/p>\n","protected":false},"excerpt":{"rendered":"<p><img loading=\"lazy\" class=\"alignnone  wp-image-212214\" src=\"https:\/\/doremimusical.com.br\/2019\/wp-content\/uploads\/2019\/09\/Dominante-300x90.png\" alt=\"\" width=\"190\" height=\"57\" srcset=\"https:\/\/doremimusical.com.br\/2019\/wp-content\/uploads\/2019\/09\/Dominante-300x90.png 300w, https:\/\/doremimusical.com.br\/2019\/wp-content\/uploads\/2019\/09\/Dominante-150x45.png 150w, https:\/\/doremimusical.com.br\/2019\/wp-content\/uploads\/2019\/09\/Dominante.png 310w\" sizes=\"(max-width: 190px) 100vw, 190px\" \/><\/p>\n","protected":false},"featured_media":213962,"template":"","meta":{"_et_pb_use_builder":"","_et_pb_old_content":"","_et_gb_content_width":""},"product_cat":[79,82,332,397,396],"product_tag":[],"_links":{"self":[{"href":"https:\/\/doremimusical.com.br\/2019\/wp-json\/wp\/v2\/product\/213961"}],"collection":[{"href":"https:\/\/doremimusical.com.br\/2019\/wp-json\/wp\/v2\/product"}],"about":[{"href":"https:\/\/doremimusical.com.br\/2019\/wp-json\/wp\/v2\/types\/product"}],"wp:featuredmedia":[{"embeddable":true,"href":"https:\/\/doremimusical.com.br\/2019\/wp-json\/wp\/v2\/media\/213962"}],"wp:attachment":[{"href":"https:\/\/doremimusical.com.br\/2019\/wp-json\/wp\/v2\/media?parent=213961"}],"wp:term":[{"taxonomy":"product_cat","embeddable":true,"href":"https:\/\/doremimusical.com.br\/2019\/wp-json\/wp\/v2\/product_cat?post=213961"},{"taxonomy":"product_tag","embeddable":true,"href":"https:\/\/doremimusical.com.br\/2019\/wp-json\/wp\/v2\/product_tag?post=213961"}],"curies":[{"name":"wp","href":"https:\/\/api.w.org\/{rel}","templated":true}]}}