{"id":213947,"date":"2019-11-27T16:57:20","date_gmt":"2019-11-27T16:57:20","guid":{"rendered":"https:\/\/doremimusical.com.br\/2019\/?post_type=product&#038;p=213947"},"modified":"2019-11-27T16:57:20","modified_gmt":"2019-11-27T16:57:20","slug":"rabicho-standard-dominante-para-violino-3-4-e-4-4","status":"publish","type":"product","link":"https:\/\/doremimusical.com.br\/2019\/produto\/rabicho-standard-dominante-para-violino-3-4-e-4-4\/","title":{"rendered":"Rabicho Standard Dominante para Violino 3\/4 e 4\/4"},"content":{"rendered":"<p>Rabicho de N\u00e1ilon super resistente com contra-porca de seguran\u00e7a. C\u00f3digo Izzo: 8368<\/p>\n<p>\u2022 Material: N\u00e1ilon<br \/>\n\u2022 Contra-Porca de Seguran\u00e7a<\/p>\n","protected":false},"excerpt":{"rendered":"<p><img loading=\"lazy\" class=\"alignnone  wp-image-212214\" src=\"https:\/\/doremimusical.com.br\/2019\/wp-content\/uploads\/2019\/09\/Dominante-300x90.png\" alt=\"\" width=\"170\" height=\"51\" srcset=\"https:\/\/doremimusical.com.br\/2019\/wp-content\/uploads\/2019\/09\/Dominante-300x90.png 300w, https:\/\/doremimusical.com.br\/2019\/wp-content\/uploads\/2019\/09\/Dominante-150x45.png 150w, https:\/\/doremimusical.com.br\/2019\/wp-content\/uploads\/2019\/09\/Dominante.png 310w\" sizes=\"(max-width: 170px) 100vw, 170px\" \/><\/p>\n","protected":false},"featured_media":213948,"template":"","meta":{"_et_pb_use_builder":"","_et_pb_old_content":"","_et_gb_content_width":""},"product_cat":[79,82,332,395,393],"product_tag":[],"_links":{"self":[{"href":"https:\/\/doremimusical.com.br\/2019\/wp-json\/wp\/v2\/product\/213947"}],"collection":[{"href":"https:\/\/doremimusical.com.br\/2019\/wp-json\/wp\/v2\/product"}],"about":[{"href":"https:\/\/doremimusical.com.br\/2019\/wp-json\/wp\/v2\/types\/product"}],"wp:featuredmedia":[{"embeddable":true,"href":"https:\/\/doremimusical.com.br\/2019\/wp-json\/wp\/v2\/media\/213948"}],"wp:attachment":[{"href":"https:\/\/doremimusical.com.br\/2019\/wp-json\/wp\/v2\/media?parent=213947"}],"wp:term":[{"taxonomy":"product_cat","embeddable":true,"href":"https:\/\/doremimusical.com.br\/2019\/wp-json\/wp\/v2\/product_cat?post=213947"},{"taxonomy":"product_tag","embeddable":true,"href":"https:\/\/doremimusical.com.br\/2019\/wp-json\/wp\/v2\/product_tag?post=213947"}],"curies":[{"name":"wp","href":"https:\/\/api.w.org\/{rel}","templated":true}]}}