{"id":213943,"date":"2019-11-27T16:48:19","date_gmt":"2019-11-27T16:48:19","guid":{"rendered":"https:\/\/doremimusical.com.br\/2019\/?post_type=product&#038;p=213943"},"modified":"2019-11-27T16:48:19","modified_gmt":"2019-11-27T16:48:19","slug":"botao-standard-olho-paris-dominante-para-violino-3-4-ou-4-4-em-ebano","status":"publish","type":"product","link":"https:\/\/doremimusical.com.br\/2019\/produto\/botao-standard-olho-paris-dominante-para-violino-3-4-ou-4-4-em-ebano\/","title":{"rendered":"Bot\u00e3o Standard Olho Paris Dominante para Violino 3-4 ou 4-4 em \u00c9bano"},"content":{"rendered":"<p>Bot\u00e3o para fixa\u00e7\u00e3o do estandarte em violinos 3\/4 e 4\/4. Modelo standard, feito em \u00e9bano com detalhe Olho-Paris. C\u00f3digo Izzo: 8348<\/p>\n<p>\u2022 Material: \u00c9bano<br \/>\n\u2022 Modelo Standard com Olho-Paris<\/p>\n","protected":false},"excerpt":{"rendered":"<p><img loading=\"lazy\" class=\"alignnone  wp-image-212214\" src=\"https:\/\/doremimusical.com.br\/2019\/wp-content\/uploads\/2019\/09\/Dominante-300x90.png\" alt=\"\" width=\"187\" height=\"56\" srcset=\"https:\/\/doremimusical.com.br\/2019\/wp-content\/uploads\/2019\/09\/Dominante-300x90.png 300w, https:\/\/doremimusical.com.br\/2019\/wp-content\/uploads\/2019\/09\/Dominante-150x45.png 150w, https:\/\/doremimusical.com.br\/2019\/wp-content\/uploads\/2019\/09\/Dominante.png 310w\" sizes=\"(max-width: 187px) 100vw, 187px\" \/><\/p>\n","protected":false},"featured_media":213944,"template":"","meta":{"_et_pb_use_builder":"","_et_pb_old_content":"","_et_gb_content_width":""},"product_cat":[79,82,391,332,392],"product_tag":[],"_links":{"self":[{"href":"https:\/\/doremimusical.com.br\/2019\/wp-json\/wp\/v2\/product\/213943"}],"collection":[{"href":"https:\/\/doremimusical.com.br\/2019\/wp-json\/wp\/v2\/product"}],"about":[{"href":"https:\/\/doremimusical.com.br\/2019\/wp-json\/wp\/v2\/types\/product"}],"wp:featuredmedia":[{"embeddable":true,"href":"https:\/\/doremimusical.com.br\/2019\/wp-json\/wp\/v2\/media\/213944"}],"wp:attachment":[{"href":"https:\/\/doremimusical.com.br\/2019\/wp-json\/wp\/v2\/media?parent=213943"}],"wp:term":[{"taxonomy":"product_cat","embeddable":true,"href":"https:\/\/doremimusical.com.br\/2019\/wp-json\/wp\/v2\/product_cat?post=213943"},{"taxonomy":"product_tag","embeddable":true,"href":"https:\/\/doremimusical.com.br\/2019\/wp-json\/wp\/v2\/product_tag?post=213943"}],"curies":[{"name":"wp","href":"https:\/\/api.w.org\/{rel}","templated":true}]}}