{"id":213932,"date":"2019-11-26T21:41:31","date_gmt":"2019-11-26T21:41:31","guid":{"rendered":"https:\/\/doremimusical.com.br\/2019\/?post_type=product&#038;p=213932"},"modified":"2019-11-26T22:00:29","modified_gmt":"2019-11-26T22:00:29","slug":"dedeira-dunlop-herco-flat-color-grossa-pacote","status":"publish","type":"product","link":"https:\/\/doremimusical.com.br\/2019\/produto\/dedeira-dunlop-herco-flat-color-grossa-pacote\/","title":{"rendered":"Dedeira Dunlop Herco Flat Color Grossa"},"content":{"rendered":"<p>Combina\u00e7\u00e3o de dedeira com palheta tradicional feita em celul\u00f3ide de alta qualidade oferece timbre quente com a pegada e maciez das palhetas tradicionais. C\u00f3digo Izzo: 6421<\/p>\n<p>\u2022 Calibre: Duro<br \/>\n\u2022 Tamanho: Grande<br \/>\n\u2022 Material: Pl\u00e1stico<br \/>\n\u2022 Cor: Colorido<\/p>\n","protected":false},"excerpt":{"rendered":"<p><img loading=\"lazy\" class=\"alignnone size-full wp-image-212355\" src=\"https:\/\/doremimusical.com.br\/2019\/wp-content\/uploads\/2019\/09\/Dunlop.png\" alt=\"\" width=\"201\" height=\"53\" srcset=\"https:\/\/doremimusical.com.br\/2019\/wp-content\/uploads\/2019\/09\/Dunlop.png 201w, https:\/\/doremimusical.com.br\/2019\/wp-content\/uploads\/2019\/09\/Dunlop-150x40.png 150w\" sizes=\"(max-width: 201px) 100vw, 201px\" \/><\/p>\n","protected":false},"featured_media":213931,"template":"","meta":{"_et_pb_use_builder":"","_et_pb_old_content":"","_et_gb_content_width":""},"product_cat":[79,82,332,389,390],"product_tag":[],"_links":{"self":[{"href":"https:\/\/doremimusical.com.br\/2019\/wp-json\/wp\/v2\/product\/213932"}],"collection":[{"href":"https:\/\/doremimusical.com.br\/2019\/wp-json\/wp\/v2\/product"}],"about":[{"href":"https:\/\/doremimusical.com.br\/2019\/wp-json\/wp\/v2\/types\/product"}],"wp:featuredmedia":[{"embeddable":true,"href":"https:\/\/doremimusical.com.br\/2019\/wp-json\/wp\/v2\/media\/213931"}],"wp:attachment":[{"href":"https:\/\/doremimusical.com.br\/2019\/wp-json\/wp\/v2\/media?parent=213932"}],"wp:term":[{"taxonomy":"product_cat","embeddable":true,"href":"https:\/\/doremimusical.com.br\/2019\/wp-json\/wp\/v2\/product_cat?post=213932"},{"taxonomy":"product_tag","embeddable":true,"href":"https:\/\/doremimusical.com.br\/2019\/wp-json\/wp\/v2\/product_tag?post=213932"}],"curies":[{"name":"wp","href":"https:\/\/api.w.org\/{rel}","templated":true}]}}