{"id":213926,"date":"2019-11-26T21:33:58","date_gmt":"2019-11-26T21:33:58","guid":{"rendered":"https:\/\/doremimusical.com.br\/2019\/?post_type=product&#038;p=213926"},"modified":"2019-11-26T21:33:58","modified_gmt":"2019-11-26T21:33:58","slug":"dedeira-dunlop-ivory-grande","status":"publish","type":"product","link":"https:\/\/doremimusical.com.br\/2019\/produto\/dedeira-dunlop-ivory-grande\/","title":{"rendered":"Dedeira Dunlop Ivory Grande"},"content":{"rendered":"<p>Dedeira grande com ponta extensa oferece maciez no encaixe com o dedo, grande massa e \u00f3tima resist\u00eancia, seu formato e extens\u00e3o permite a remodelagem da ponta. C\u00f3digo Izzo: 1152<\/p>\n<p>\u2022 Calibre: M\u00e9dio<br \/>\n\u2022 Tamanho: Grande<br \/>\n\u2022 Material: Pl\u00e1stico<br \/>\n\u2022 Cor: Bege<\/p>\n","protected":false},"excerpt":{"rendered":"<p><img loading=\"lazy\" class=\"alignnone size-full wp-image-212355\" src=\"https:\/\/doremimusical.com.br\/2019\/wp-content\/uploads\/2019\/09\/Dunlop.png\" alt=\"\" width=\"201\" height=\"53\" srcset=\"https:\/\/doremimusical.com.br\/2019\/wp-content\/uploads\/2019\/09\/Dunlop.png 201w, https:\/\/doremimusical.com.br\/2019\/wp-content\/uploads\/2019\/09\/Dunlop-150x40.png 150w\" sizes=\"(max-width: 201px) 100vw, 201px\" \/><\/p>\n","protected":false},"featured_media":213927,"template":"","meta":{"_et_pb_use_builder":"","_et_pb_old_content":"","_et_gb_content_width":""},"product_cat":[79,82,332,389,390],"product_tag":[],"_links":{"self":[{"href":"https:\/\/doremimusical.com.br\/2019\/wp-json\/wp\/v2\/product\/213926"}],"collection":[{"href":"https:\/\/doremimusical.com.br\/2019\/wp-json\/wp\/v2\/product"}],"about":[{"href":"https:\/\/doremimusical.com.br\/2019\/wp-json\/wp\/v2\/types\/product"}],"wp:featuredmedia":[{"embeddable":true,"href":"https:\/\/doremimusical.com.br\/2019\/wp-json\/wp\/v2\/media\/213927"}],"wp:attachment":[{"href":"https:\/\/doremimusical.com.br\/2019\/wp-json\/wp\/v2\/media?parent=213926"}],"wp:term":[{"taxonomy":"product_cat","embeddable":true,"href":"https:\/\/doremimusical.com.br\/2019\/wp-json\/wp\/v2\/product_cat?post=213926"},{"taxonomy":"product_tag","embeddable":true,"href":"https:\/\/doremimusical.com.br\/2019\/wp-json\/wp\/v2\/product_tag?post=213926"}],"curies":[{"name":"wp","href":"https:\/\/api.w.org\/{rel}","templated":true}]}}