{"id":213920,"date":"2019-11-26T21:25:24","date_gmt":"2019-11-26T21:25:24","guid":{"rendered":"https:\/\/doremimusical.com.br\/2019\/?post_type=product&#038;p=213920"},"modified":"2019-11-26T21:25:25","modified_gmt":"2019-11-26T21:25:25","slug":"palheta-dunlop-teckpick-aluminio-preta","status":"publish","type":"product","link":"https:\/\/doremimusical.com.br\/2019\/produto\/palheta-dunlop-teckpick-aluminio-preta\/","title":{"rendered":"Palheta Dunlop TECKPICK Alum\u00ednio Preta"},"content":{"rendered":"<p>Palhetas de alum\u00ednio anodizado com acabamento de dupla textura que combina conforto com seguran\u00e7a. O alum\u00ednio anodizado aeroespacial resiste a desgastes oferecendo timbre brilhante com \u00f3timo ataque. As bordas arredondadas asseguram a vida \u00fatil das cordas. Pacote com 12. C\u00f3digo Izzo: 1860<\/p>\n<p>\u2022 Calibre: Duro<br \/>\n\u2022 Material: Alum\u00ednio Aeroespacial Anodizado<br \/>\n\u2022 Cor: Preto<\/p>\n","protected":false},"excerpt":{"rendered":"<p><img loading=\"lazy\" class=\"alignnone size-full wp-image-212355\" src=\"https:\/\/doremimusical.com.br\/2019\/wp-content\/uploads\/2019\/09\/Dunlop.png\" alt=\"\" width=\"201\" height=\"53\" srcset=\"https:\/\/doremimusical.com.br\/2019\/wp-content\/uploads\/2019\/09\/Dunlop.png 201w, https:\/\/doremimusical.com.br\/2019\/wp-content\/uploads\/2019\/09\/Dunlop-150x40.png 150w\" sizes=\"(max-width: 201px) 100vw, 201px\" \/><\/p>\n","protected":false},"featured_media":213921,"template":"","meta":{"_et_pb_use_builder":"","_et_pb_old_content":"","_et_gb_content_width":""},"product_cat":[79,82,332,388,355],"product_tag":[],"_links":{"self":[{"href":"https:\/\/doremimusical.com.br\/2019\/wp-json\/wp\/v2\/product\/213920"}],"collection":[{"href":"https:\/\/doremimusical.com.br\/2019\/wp-json\/wp\/v2\/product"}],"about":[{"href":"https:\/\/doremimusical.com.br\/2019\/wp-json\/wp\/v2\/types\/product"}],"wp:featuredmedia":[{"embeddable":true,"href":"https:\/\/doremimusical.com.br\/2019\/wp-json\/wp\/v2\/media\/213921"}],"wp:attachment":[{"href":"https:\/\/doremimusical.com.br\/2019\/wp-json\/wp\/v2\/media?parent=213920"}],"wp:term":[{"taxonomy":"product_cat","embeddable":true,"href":"https:\/\/doremimusical.com.br\/2019\/wp-json\/wp\/v2\/product_cat?post=213920"},{"taxonomy":"product_tag","embeddable":true,"href":"https:\/\/doremimusical.com.br\/2019\/wp-json\/wp\/v2\/product_tag?post=213920"}],"curies":[{"name":"wp","href":"https:\/\/api.w.org\/{rel}","templated":true}]}}