{"id":213916,"date":"2019-11-26T21:19:06","date_gmt":"2019-11-26T21:19:06","guid":{"rendered":"https:\/\/doremimusical.com.br\/2019\/?post_type=product&#038;p=213916"},"modified":"2019-11-26T21:19:06","modified_gmt":"2019-11-26T21:19:06","slug":"palheta-dunlop-tortex-jazz-iii-xl-1-14mm","status":"publish","type":"product","link":"https:\/\/doremimusical.com.br\/2019\/produto\/palheta-dunlop-tortex-jazz-iii-xl-1-14mm\/","title":{"rendered":"Palheta Dunlop TORTEX Jazz III XL 1.14mm"},"content":{"rendered":"<p>A Tortex Jazz III XL combina o tom claro e o toque agressivo da Tortex com o controle superior, velocidade e defini\u00e7\u00e3o proporcionados pelo formato Jazz III XL, com mais \u00e1rea para pelhorar sua pegada. Pacote com 12. C\u00f3digo Izzo: 9166<\/p>\n<p>\u2022 Calibre: 1.14mm<br \/>\n\u2022 Material: Delrin\u00ae<br \/>\n\u2022 Ponta aguda<br \/>\n\u2022 Cor: Roxo<\/p>\n","protected":false},"excerpt":{"rendered":"<p><img loading=\"lazy\" class=\"alignnone size-full wp-image-212355\" src=\"https:\/\/doremimusical.com.br\/2019\/wp-content\/uploads\/2019\/09\/Dunlop.png\" alt=\"\" width=\"201\" height=\"53\" srcset=\"https:\/\/doremimusical.com.br\/2019\/wp-content\/uploads\/2019\/09\/Dunlop.png 201w, https:\/\/doremimusical.com.br\/2019\/wp-content\/uploads\/2019\/09\/Dunlop-150x40.png 150w\" sizes=\"(max-width: 201px) 100vw, 201px\" \/><\/p>\n","protected":false},"featured_media":213917,"template":"","meta":{"_et_pb_use_builder":"","_et_pb_old_content":"","_et_gb_content_width":""},"product_cat":[79,82,332,388,355],"product_tag":[],"_links":{"self":[{"href":"https:\/\/doremimusical.com.br\/2019\/wp-json\/wp\/v2\/product\/213916"}],"collection":[{"href":"https:\/\/doremimusical.com.br\/2019\/wp-json\/wp\/v2\/product"}],"about":[{"href":"https:\/\/doremimusical.com.br\/2019\/wp-json\/wp\/v2\/types\/product"}],"wp:featuredmedia":[{"embeddable":true,"href":"https:\/\/doremimusical.com.br\/2019\/wp-json\/wp\/v2\/media\/213917"}],"wp:attachment":[{"href":"https:\/\/doremimusical.com.br\/2019\/wp-json\/wp\/v2\/media?parent=213916"}],"wp:term":[{"taxonomy":"product_cat","embeddable":true,"href":"https:\/\/doremimusical.com.br\/2019\/wp-json\/wp\/v2\/product_cat?post=213916"},{"taxonomy":"product_tag","embeddable":true,"href":"https:\/\/doremimusical.com.br\/2019\/wp-json\/wp\/v2\/product_tag?post=213916"}],"curies":[{"name":"wp","href":"https:\/\/api.w.org\/{rel}","templated":true}]}}