{"id":213901,"date":"2019-11-26T21:02:57","date_gmt":"2019-11-26T21:02:57","guid":{"rendered":"https:\/\/doremimusical.com.br\/2019\/?post_type=product&#038;p=213901"},"modified":"2019-11-26T21:02:57","modified_gmt":"2019-11-26T21:02:57","slug":"palheta-dunlop-tortex-114mm-roxa","status":"publish","type":"product","link":"https:\/\/doremimusical.com.br\/2019\/produto\/palheta-dunlop-tortex-114mm-roxa\/","title":{"rendered":"Palheta Dunlop TORTEX 1,14mm Roxa"},"content":{"rendered":"<p>Palhetas cuidadosamente desenhadas e fabricadas para uso m\u00e1ximo com o m\u00ednimo de desgaste, caracter\u00edsticas b\u00e1sicas de uma tortoise original, por\u00e9m, em Delrin\u00ae. Pacote com 72. C\u00f3digo Izzo: 1346<\/p>\n<p>\u2022 Calibre: 1.14mm<br \/>\n\u2022 Material: Delrin\u00ae<br \/>\n\u2022 Cor: Roxo<\/p>\n","protected":false},"excerpt":{"rendered":"<p><img loading=\"lazy\" class=\"alignnone size-full wp-image-212355\" src=\"https:\/\/doremimusical.com.br\/2019\/wp-content\/uploads\/2019\/09\/Dunlop.png\" alt=\"\" width=\"201\" height=\"53\" srcset=\"https:\/\/doremimusical.com.br\/2019\/wp-content\/uploads\/2019\/09\/Dunlop.png 201w, https:\/\/doremimusical.com.br\/2019\/wp-content\/uploads\/2019\/09\/Dunlop-150x40.png 150w\" sizes=\"(max-width: 201px) 100vw, 201px\" \/><\/p>\n","protected":false},"featured_media":213902,"template":"","meta":{"_et_pb_use_builder":"","_et_pb_old_content":"","_et_gb_content_width":""},"product_cat":[79,82,332,388,355],"product_tag":[],"_links":{"self":[{"href":"https:\/\/doremimusical.com.br\/2019\/wp-json\/wp\/v2\/product\/213901"}],"collection":[{"href":"https:\/\/doremimusical.com.br\/2019\/wp-json\/wp\/v2\/product"}],"about":[{"href":"https:\/\/doremimusical.com.br\/2019\/wp-json\/wp\/v2\/types\/product"}],"wp:featuredmedia":[{"embeddable":true,"href":"https:\/\/doremimusical.com.br\/2019\/wp-json\/wp\/v2\/media\/213902"}],"wp:attachment":[{"href":"https:\/\/doremimusical.com.br\/2019\/wp-json\/wp\/v2\/media?parent=213901"}],"wp:term":[{"taxonomy":"product_cat","embeddable":true,"href":"https:\/\/doremimusical.com.br\/2019\/wp-json\/wp\/v2\/product_cat?post=213901"},{"taxonomy":"product_tag","embeddable":true,"href":"https:\/\/doremimusical.com.br\/2019\/wp-json\/wp\/v2\/product_tag?post=213901"}],"curies":[{"name":"wp","href":"https:\/\/api.w.org\/{rel}","templated":true}]}}