{"id":213879,"date":"2019-11-26T20:33:58","date_gmt":"2019-11-26T20:33:58","guid":{"rendered":"https:\/\/doremimusical.com.br\/2019\/?post_type=product&#038;p=213879"},"modified":"2019-11-26T20:33:59","modified_gmt":"2019-11-26T20:33:59","slug":"palheta-dunlop-stubby-3mm","status":"publish","type":"product","link":"https:\/\/doremimusical.com.br\/2019\/produto\/palheta-dunlop-stubby-3mm\/","title":{"rendered":"Palheta Dunlop STUBBY 3mm"},"content":{"rendered":"<p>Palhetas moldadas e contornadas que oferecem ataque extremo com facilidade para execu\u00e7\u00e3o de frases r\u00e1pidas. Fabricada em Lexan\u00ae, material de grande densidade e durabilidade. Sua superf\u00edcie antiderrapante permite uma pegada macia e facilidade de manuseio. O Lexan\u00ae \u00e9 marca registrada da General Eletric Plastics. C\u00f3digo Izzo: 1853<\/p>\n<p>\u2022 Calibre: 3.00mm<br \/>\n\u2022 Material: Lexan\u00ae<br \/>\n\u2022 Cor: Roxo<\/p>\n","protected":false},"excerpt":{"rendered":"<p><img loading=\"lazy\" class=\"alignnone size-full wp-image-212355\" src=\"https:\/\/doremimusical.com.br\/2019\/wp-content\/uploads\/2019\/09\/Dunlop.png\" alt=\"\" width=\"201\" height=\"53\" srcset=\"https:\/\/doremimusical.com.br\/2019\/wp-content\/uploads\/2019\/09\/Dunlop.png 201w, https:\/\/doremimusical.com.br\/2019\/wp-content\/uploads\/2019\/09\/Dunlop-150x40.png 150w\" sizes=\"(max-width: 201px) 100vw, 201px\" \/><\/p>\n","protected":false},"featured_media":213880,"template":"","meta":{"_et_pb_use_builder":"","_et_pb_old_content":"","_et_gb_content_width":""},"product_cat":[79,82,332,388,355],"product_tag":[],"_links":{"self":[{"href":"https:\/\/doremimusical.com.br\/2019\/wp-json\/wp\/v2\/product\/213879"}],"collection":[{"href":"https:\/\/doremimusical.com.br\/2019\/wp-json\/wp\/v2\/product"}],"about":[{"href":"https:\/\/doremimusical.com.br\/2019\/wp-json\/wp\/v2\/types\/product"}],"wp:featuredmedia":[{"embeddable":true,"href":"https:\/\/doremimusical.com.br\/2019\/wp-json\/wp\/v2\/media\/213880"}],"wp:attachment":[{"href":"https:\/\/doremimusical.com.br\/2019\/wp-json\/wp\/v2\/media?parent=213879"}],"wp:term":[{"taxonomy":"product_cat","embeddable":true,"href":"https:\/\/doremimusical.com.br\/2019\/wp-json\/wp\/v2\/product_cat?post=213879"},{"taxonomy":"product_tag","embeddable":true,"href":"https:\/\/doremimusical.com.br\/2019\/wp-json\/wp\/v2\/product_tag?post=213879"}],"curies":[{"name":"wp","href":"https:\/\/api.w.org\/{rel}","templated":true}]}}