{"id":213865,"date":"2019-11-26T19:56:41","date_gmt":"2019-11-26T19:56:41","guid":{"rendered":"https:\/\/doremimusical.com.br\/2019\/?post_type=product&#038;p=213865"},"modified":"2019-11-26T19:56:42","modified_gmt":"2019-11-26T19:56:42","slug":"palheta-dunlop-ultex-060mm-pacote","status":"publish","type":"product","link":"https:\/\/doremimusical.com.br\/2019\/produto\/palheta-dunlop-ultex-060mm-pacote\/","title":{"rendered":"Palheta Dunlop ULTEX 0,60mm Pacote"},"content":{"rendered":"<p>A palheta Ultex \u00e9 de um material leve e virtualmente indestrut\u00edvel que combina flexibilidade com ataque forte e oferece maior alcance din\u00e2mico do que qualquer palheta do mercado. Este revolucion\u00e1rio material adiciona brilho e defini\u00e7\u00e3o em qualquer estilo musical. C\u00f3digo Izzo: 3314<\/p>\n<p>\u2022 Calibre: .60mm<br \/>\n\u2022 Material: Ultex\u00ae<br \/>\n\u2022 Cor: Amarelo<\/p>\n","protected":false},"excerpt":{"rendered":"<p><img loading=\"lazy\" class=\"alignnone size-full wp-image-212355\" src=\"https:\/\/doremimusical.com.br\/2019\/wp-content\/uploads\/2019\/09\/Dunlop.png\" alt=\"\" width=\"201\" height=\"53\" srcset=\"https:\/\/doremimusical.com.br\/2019\/wp-content\/uploads\/2019\/09\/Dunlop.png 201w, https:\/\/doremimusical.com.br\/2019\/wp-content\/uploads\/2019\/09\/Dunlop-150x40.png 150w\" sizes=\"(max-width: 201px) 100vw, 201px\" \/><\/p>\n","protected":false},"featured_media":213866,"template":"","meta":{"_et_pb_use_builder":"","_et_pb_old_content":"","_et_gb_content_width":""},"product_cat":[79,82,388,355],"product_tag":[],"_links":{"self":[{"href":"https:\/\/doremimusical.com.br\/2019\/wp-json\/wp\/v2\/product\/213865"}],"collection":[{"href":"https:\/\/doremimusical.com.br\/2019\/wp-json\/wp\/v2\/product"}],"about":[{"href":"https:\/\/doremimusical.com.br\/2019\/wp-json\/wp\/v2\/types\/product"}],"wp:featuredmedia":[{"embeddable":true,"href":"https:\/\/doremimusical.com.br\/2019\/wp-json\/wp\/v2\/media\/213866"}],"wp:attachment":[{"href":"https:\/\/doremimusical.com.br\/2019\/wp-json\/wp\/v2\/media?parent=213865"}],"wp:term":[{"taxonomy":"product_cat","embeddable":true,"href":"https:\/\/doremimusical.com.br\/2019\/wp-json\/wp\/v2\/product_cat?post=213865"},{"taxonomy":"product_tag","embeddable":true,"href":"https:\/\/doremimusical.com.br\/2019\/wp-json\/wp\/v2\/product_tag?post=213865"}],"curies":[{"name":"wp","href":"https:\/\/api.w.org\/{rel}","templated":true}]}}