{"id":213857,"date":"2019-11-26T19:43:48","date_gmt":"2019-11-26T19:43:48","guid":{"rendered":"https:\/\/doremimusical.com.br\/2019\/?post_type=product&#038;p=213857"},"modified":"2019-11-26T19:43:49","modified_gmt":"2019-11-26T19:43:49","slug":"palheta-dunlop-gator-grip-20mm","status":"publish","type":"product","link":"https:\/\/doremimusical.com.br\/2019\/produto\/palheta-dunlop-gator-grip-20mm\/","title":{"rendered":"Palheta Dunlop GATOR GRIP 2,0mm"},"content":{"rendered":"<p>Palheta de alta qualidade que incorpora caracter\u00edsticas como borda angulada e superf\u00edcie antiderrapante. O Gator Grip oferece \u00f3tima tocabilidade e ataque. C\u00f3digo Izzo: 1815<\/p>\n<p>\u2022 Calibre: 2.0mm<br \/>\n\u2022 Material: Delrex\u00ae<br \/>\n\u2022 Cor: Verde<\/p>\n","protected":false},"excerpt":{"rendered":"<p><img loading=\"lazy\" class=\"alignnone size-full wp-image-212355\" src=\"https:\/\/doremimusical.com.br\/2019\/wp-content\/uploads\/2019\/09\/Dunlop.png\" alt=\"\" width=\"201\" height=\"53\" srcset=\"https:\/\/doremimusical.com.br\/2019\/wp-content\/uploads\/2019\/09\/Dunlop.png 201w, https:\/\/doremimusical.com.br\/2019\/wp-content\/uploads\/2019\/09\/Dunlop-150x40.png 150w\" sizes=\"(max-width: 201px) 100vw, 201px\" \/><\/p>\n","protected":false},"featured_media":213858,"template":"","meta":{"_et_pb_use_builder":"","_et_pb_old_content":"","_et_gb_content_width":""},"product_cat":[79,82,388,355],"product_tag":[],"_links":{"self":[{"href":"https:\/\/doremimusical.com.br\/2019\/wp-json\/wp\/v2\/product\/213857"}],"collection":[{"href":"https:\/\/doremimusical.com.br\/2019\/wp-json\/wp\/v2\/product"}],"about":[{"href":"https:\/\/doremimusical.com.br\/2019\/wp-json\/wp\/v2\/types\/product"}],"wp:featuredmedia":[{"embeddable":true,"href":"https:\/\/doremimusical.com.br\/2019\/wp-json\/wp\/v2\/media\/213858"}],"wp:attachment":[{"href":"https:\/\/doremimusical.com.br\/2019\/wp-json\/wp\/v2\/media?parent=213857"}],"wp:term":[{"taxonomy":"product_cat","embeddable":true,"href":"https:\/\/doremimusical.com.br\/2019\/wp-json\/wp\/v2\/product_cat?post=213857"},{"taxonomy":"product_tag","embeddable":true,"href":"https:\/\/doremimusical.com.br\/2019\/wp-json\/wp\/v2\/product_tag?post=213857"}],"curies":[{"name":"wp","href":"https:\/\/api.w.org\/{rel}","templated":true}]}}