{"id":213799,"date":"2019-11-26T14:21:15","date_gmt":"2019-11-26T14:21:15","guid":{"rendered":"https:\/\/doremimusical.com.br\/2019\/?post_type=product&#038;p=213799"},"modified":"2019-11-26T14:21:16","modified_gmt":"2019-11-26T14:21:16","slug":"palheta-vandoren-java-red-cut-para-sax-soprano","status":"publish","type":"product","link":"https:\/\/doremimusical.com.br\/2019\/produto\/palheta-vandoren-java-red-cut-para-sax-soprano\/","title":{"rendered":"Palheta Vandoren Java Red Cut para Sax Soprano"},"content":{"rendered":"<p>A principal raz\u00e3o para a concep\u00e7\u00e3o da JAVA \u2013 \u201cFiled \u2013 Red Cut\u201d foi a de oferecer aos m\u00fasicos maiores possibilidades sonoras, ainda que mantendo as mesmas qualidades do universo JAVA. Mais flex\u00edvel que a sua antecessora, com um pouco mais de corpo, ela proporciona uma sonoridade plena, rica, centrada, garantindo uma proje\u00e7\u00e3o excelente e um ataque extremamente preciso.<\/p>\n<p>\u2022 Dureza: 2<br \/>\n\u2022 Material: Cana<br \/>\n\u2022 Espessura da Ponta: 0,11mm<br \/>\n\u2022 Espessura do Tal\u00e3o: 3,25mm<\/p>\n<p>\u2022 Dureza: 2,5<br \/>\n\u2022 Material: Cana<br \/>\n\u2022 Espessura da Ponta: 0,11mm<br \/>\n\u2022 Espessura do Tal\u00e3o: 3,25mm<\/p>\n<p>\u2022 Dureza: 3<br \/>\n\u2022 Material: Cana<br \/>\n\u2022 Espessura da Ponta: 0,11mm<br \/>\n\u2022 Espessura do Tal\u00e3o: 3,25mm<\/p>\n<p>\u2022 Dureza: 3,5<br \/>\n\u2022 Material: Cana<br \/>\n\u2022 Espessura da Ponta: 0,11mm<br \/>\n\u2022 Espessura do Tal\u00e3o: 3,25mm<\/p>\n","protected":false},"excerpt":{"rendered":"<p><img loading=\"lazy\" class=\"alignnone size-full wp-image-213746\" src=\"https:\/\/doremimusical.com.br\/2019\/wp-content\/uploads\/2019\/11\/Vandoren.png\" alt=\"\" width=\"169\" height=\"78\" srcset=\"https:\/\/doremimusical.com.br\/2019\/wp-content\/uploads\/2019\/11\/Vandoren.png 169w, https:\/\/doremimusical.com.br\/2019\/wp-content\/uploads\/2019\/11\/Vandoren-150x69.png 150w\" sizes=\"(max-width: 169px) 100vw, 169px\" \/><\/p>\n","protected":false},"featured_media":213800,"template":"","meta":{"_et_pb_use_builder":"","_et_pb_old_content":"","_et_gb_content_width":""},"product_cat":[79,82,317,310,382],"product_tag":[],"_links":{"self":[{"href":"https:\/\/doremimusical.com.br\/2019\/wp-json\/wp\/v2\/product\/213799"}],"collection":[{"href":"https:\/\/doremimusical.com.br\/2019\/wp-json\/wp\/v2\/product"}],"about":[{"href":"https:\/\/doremimusical.com.br\/2019\/wp-json\/wp\/v2\/types\/product"}],"wp:featuredmedia":[{"embeddable":true,"href":"https:\/\/doremimusical.com.br\/2019\/wp-json\/wp\/v2\/media\/213800"}],"wp:attachment":[{"href":"https:\/\/doremimusical.com.br\/2019\/wp-json\/wp\/v2\/media?parent=213799"}],"wp:term":[{"taxonomy":"product_cat","embeddable":true,"href":"https:\/\/doremimusical.com.br\/2019\/wp-json\/wp\/v2\/product_cat?post=213799"},{"taxonomy":"product_tag","embeddable":true,"href":"https:\/\/doremimusical.com.br\/2019\/wp-json\/wp\/v2\/product_tag?post=213799"}],"curies":[{"name":"wp","href":"https:\/\/api.w.org\/{rel}","templated":true}]}}