{"id":213781,"date":"2019-11-26T13:55:42","date_gmt":"2019-11-26T13:55:42","guid":{"rendered":"https:\/\/doremimusical.com.br\/2019\/?post_type=product&#038;p=213781"},"modified":"2019-11-26T13:55:42","modified_gmt":"2019-11-26T13:55:42","slug":"palheta-vandoren-tradicional-para-clarinete-sib","status":"publish","type":"product","link":"https:\/\/doremimusical.com.br\/2019\/produto\/palheta-vandoren-tradicional-para-clarinete-sib\/","title":{"rendered":"Palheta Vandoren Tradicional para Clarinete Sib"},"content":{"rendered":"<p>Esta palheta foi concebida para produzir uma qualidade de som extremamente puro, devido a uma ponta de palheta muito fina (a \u00e1rea da palheta que apresenta a m\u00e1xima vibra\u00e7\u00e3o), equilibrada com uma coluna vertebral s\u00f3lida (maior quantidade de cana na \u00e1rea que sobe gradualmente at\u00e9 o calcanhar). Apresenta a ponta mais fina, com o \u201ccora\u00e7\u00e3o\u201d mais espesso, resultando numa articula\u00e7\u00e3o viva de sonoridade cheia e escura.<\/p>\n<p>\u2022 Dureza: 1,5<br \/>\n\u2022 Material: Cana<br \/>\n\u2022 Espessura da Ponta: 0,09mm<br \/>\n\u2022 Espessura do Tal\u00e3o: 2,8mm<\/p>\n<p>\u2022 Dureza: 2<br \/>\n\u2022 Material: Cana<br \/>\n\u2022 Espessura da Ponta: 0,09mm<br \/>\n\u2022 Espessura do Tal\u00e3o: 2,8mm<\/p>\n<p>\u2022 Dureza: 2,5<br \/>\n\u2022 Material: Cana<br \/>\n\u2022 Espessura da Ponta: 0,09mm<br \/>\n\u2022 Espessura do Tal\u00e3o: 2,8mm<\/p>\n<p>\u2022 Dureza: 3<br \/>\n\u2022 Material: Cana<br \/>\n\u2022 Espessura da Ponta: 0,09mm<br \/>\n\u2022 Espessura do Tal\u00e3o: 2,8mm<\/p>\n<p>\u2022 Dureza: 3,5<br \/>\n\u2022 Material: Cana<br \/>\n\u2022 Espessura da Ponta: 0,09mm<br \/>\n\u2022 Espessura do Tal\u00e3o: 2,8mm<\/p>\n<p>\u2022 Dureza: 4<br \/>\n\u2022 Material: Cana<br \/>\n\u2022 Espessura da Ponta: 0,09mm<br \/>\n\u2022 Espessura do Tal\u00e3o: 2,8mm<\/p>\n","protected":false},"excerpt":{"rendered":"<p><img loading=\"lazy\" class=\"alignnone size-full wp-image-213746\" src=\"https:\/\/doremimusical.com.br\/2019\/wp-content\/uploads\/2019\/11\/Vandoren.png\" alt=\"\" width=\"169\" height=\"78\" srcset=\"https:\/\/doremimusical.com.br\/2019\/wp-content\/uploads\/2019\/11\/Vandoren.png 169w, https:\/\/doremimusical.com.br\/2019\/wp-content\/uploads\/2019\/11\/Vandoren-150x69.png 150w\" sizes=\"(max-width: 169px) 100vw, 169px\" \/><\/p>\n","protected":false},"featured_media":213782,"template":"","meta":{"_et_pb_use_builder":"","_et_pb_old_content":"","_et_gb_content_width":""},"product_cat":[79,82,317,310,382],"product_tag":[],"_links":{"self":[{"href":"https:\/\/doremimusical.com.br\/2019\/wp-json\/wp\/v2\/product\/213781"}],"collection":[{"href":"https:\/\/doremimusical.com.br\/2019\/wp-json\/wp\/v2\/product"}],"about":[{"href":"https:\/\/doremimusical.com.br\/2019\/wp-json\/wp\/v2\/types\/product"}],"wp:featuredmedia":[{"embeddable":true,"href":"https:\/\/doremimusical.com.br\/2019\/wp-json\/wp\/v2\/media\/213782"}],"wp:attachment":[{"href":"https:\/\/doremimusical.com.br\/2019\/wp-json\/wp\/v2\/media?parent=213781"}],"wp:term":[{"taxonomy":"product_cat","embeddable":true,"href":"https:\/\/doremimusical.com.br\/2019\/wp-json\/wp\/v2\/product_cat?post=213781"},{"taxonomy":"product_tag","embeddable":true,"href":"https:\/\/doremimusical.com.br\/2019\/wp-json\/wp\/v2\/product_tag?post=213781"}],"curies":[{"name":"wp","href":"https:\/\/api.w.org\/{rel}","templated":true}]}}