{"id":213769,"date":"2019-11-26T13:29:20","date_gmt":"2019-11-26T13:29:20","guid":{"rendered":"https:\/\/doremimusical.com.br\/2019\/?post_type=product&#038;p=213769"},"modified":"2019-11-26T13:29:20","modified_gmt":"2019-11-26T13:29:20","slug":"palheta-vandoren-v16-para-sax-alto","status":"publish","type":"product","link":"https:\/\/doremimusical.com.br\/2019\/produto\/palheta-vandoren-v16-para-sax-alto\/","title":{"rendered":"Palheta Vandoren V16 para Sax Alto"},"content":{"rendered":"<p>Lan\u00e7ada em 1993 para dar resposta a procura de alguns m\u00fasicos de jazz americanos (uma JAVA com ainda mais madeira). A V-16 possui um aponta mais grossa do que as palhetas Vandoren tradicionais e uma lingueta mais comprida. Som: maior luminosidade, maior percuss\u00e3o, particularmente bem adaptada a todos os novos estilos de m\u00fasica. Tem o cora\u00e7\u00e3o de espessura m\u00e9dia com um perfil que permite um ataque forte de sonoridade rica e profunda. Possui uma ponta mais grossa do que as Tradicionais e uma lingueta mais comprida. Indicada para m\u00fasicos modernos.<\/p>\n<p>\u2022 Dureza: 1,5<br \/>\n\u2022 Material: Cana<br \/>\n\u2022 Espessura da Ponta: 0,10mm<br \/>\n\u2022 Espessura do Tal\u00e3o: 3,15mm<\/p>\n<p>\u2022 Dureza: 2<br \/>\n\u2022 Material: Cana<br \/>\n\u2022 Espessura da Ponta: 0,10mm<br \/>\n\u2022 Espessura do Tal\u00e3o: 3,15mm<\/p>\n<p>\u2022 Dureza: 2,5<br \/>\n\u2022 Material: Cana<br \/>\n\u2022 Espessura da Ponta: 0,10mm<br \/>\n\u2022 Espessura do Tal\u00e3o: 3,15mm<\/p>\n<p>\u2022 Dureza: 3<br \/>\n\u2022 Material: Cana<br \/>\n\u2022 Espessura da Ponta: 0,10mm<br \/>\n\u2022 Espessura do Tal\u00e3o: 3,15mm<\/p>\n<p>\u2022 Dureza: 3,5<br \/>\n\u2022 Material: Cana<br \/>\n\u2022 Espessura da Ponta: 0,10mm<br \/>\n\u2022 Espessura do Tal\u00e3o: 3,15mm<\/p>\n<p>&nbsp;<\/p>\n","protected":false},"excerpt":{"rendered":"<p><img loading=\"lazy\" class=\"alignnone size-full wp-image-213746\" src=\"https:\/\/doremimusical.com.br\/2019\/wp-content\/uploads\/2019\/11\/Vandoren.png\" alt=\"\" width=\"169\" height=\"78\" srcset=\"https:\/\/doremimusical.com.br\/2019\/wp-content\/uploads\/2019\/11\/Vandoren.png 169w, https:\/\/doremimusical.com.br\/2019\/wp-content\/uploads\/2019\/11\/Vandoren-150x69.png 150w\" sizes=\"(max-width: 169px) 100vw, 169px\" \/><\/p>\n","protected":false},"featured_media":213771,"template":"","meta":{"_et_pb_use_builder":"","_et_pb_old_content":"","_et_gb_content_width":""},"product_cat":[79,82,317,310,382],"product_tag":[],"_links":{"self":[{"href":"https:\/\/doremimusical.com.br\/2019\/wp-json\/wp\/v2\/product\/213769"}],"collection":[{"href":"https:\/\/doremimusical.com.br\/2019\/wp-json\/wp\/v2\/product"}],"about":[{"href":"https:\/\/doremimusical.com.br\/2019\/wp-json\/wp\/v2\/types\/product"}],"wp:featuredmedia":[{"embeddable":true,"href":"https:\/\/doremimusical.com.br\/2019\/wp-json\/wp\/v2\/media\/213771"}],"wp:attachment":[{"href":"https:\/\/doremimusical.com.br\/2019\/wp-json\/wp\/v2\/media?parent=213769"}],"wp:term":[{"taxonomy":"product_cat","embeddable":true,"href":"https:\/\/doremimusical.com.br\/2019\/wp-json\/wp\/v2\/product_cat?post=213769"},{"taxonomy":"product_tag","embeddable":true,"href":"https:\/\/doremimusical.com.br\/2019\/wp-json\/wp\/v2\/product_tag?post=213769"}],"curies":[{"name":"wp","href":"https:\/\/api.w.org\/{rel}","templated":true}]}}