{"id":213766,"date":"2019-11-26T13:14:27","date_gmt":"2019-11-26T13:14:27","guid":{"rendered":"https:\/\/doremimusical.com.br\/2019\/?post_type=product&#038;p=213766"},"modified":"2019-11-26T13:15:16","modified_gmt":"2019-11-26T13:15:16","slug":"213766","status":"publish","type":"product","link":"https:\/\/doremimusical.com.br\/2019\/produto\/213766\/","title":{"rendered":"Palheta Vandoren Juno para Sax Alto"},"content":{"rendered":"<p>Palheta 2 para Sax Alto. As palhetas Juno s\u00e3o feitas especialmente para o desempenho de iniciantes, elas s\u00e3o fabricadas a partir da cana cuidadosamente cultivada na Bacia do Mediterr\u00e2neo. As palhetas recebem um tratamento com corte especial, que \u00e9 extra sens\u00edvel para os alunos, proporcionanado uma r\u00e1pida evolu\u00e7\u00e3o nos estudos. Uma vez que as palhetas s\u00e3o cortadas precisamente, cada uma \u00e9 selada em seu pr\u00f3prio Flow Pack, dessa forma, quando voc\u00ea retira uma palheta Juno da embalagem, ela continua fresca como no dia que foi feita e sua sonoridade se mantem inalterada.<\/p>\n<p>\u2022 Tamanho: 2<br \/>\n\u2022 Material: Cana<\/p>\n<p>\u2022 Tamanho: 2,5<br \/>\n\u2022 Material: Cana<\/p>\n","protected":false},"excerpt":{"rendered":"<p><img loading=\"lazy\" class=\"alignnone size-full wp-image-213746\" src=\"https:\/\/doremimusical.com.br\/2019\/wp-content\/uploads\/2019\/11\/Vandoren.png\" alt=\"\" width=\"169\" height=\"78\" srcset=\"https:\/\/doremimusical.com.br\/2019\/wp-content\/uploads\/2019\/11\/Vandoren.png 169w, https:\/\/doremimusical.com.br\/2019\/wp-content\/uploads\/2019\/11\/Vandoren-150x69.png 150w\" sizes=\"(max-width: 169px) 100vw, 169px\" \/><\/p>\n","protected":false},"featured_media":213767,"template":"","meta":{"_et_pb_use_builder":"","_et_pb_old_content":"","_et_gb_content_width":""},"product_cat":[79,82,317,310,382],"product_tag":[],"_links":{"self":[{"href":"https:\/\/doremimusical.com.br\/2019\/wp-json\/wp\/v2\/product\/213766"}],"collection":[{"href":"https:\/\/doremimusical.com.br\/2019\/wp-json\/wp\/v2\/product"}],"about":[{"href":"https:\/\/doremimusical.com.br\/2019\/wp-json\/wp\/v2\/types\/product"}],"wp:featuredmedia":[{"embeddable":true,"href":"https:\/\/doremimusical.com.br\/2019\/wp-json\/wp\/v2\/media\/213767"}],"wp:attachment":[{"href":"https:\/\/doremimusical.com.br\/2019\/wp-json\/wp\/v2\/media?parent=213766"}],"wp:term":[{"taxonomy":"product_cat","embeddable":true,"href":"https:\/\/doremimusical.com.br\/2019\/wp-json\/wp\/v2\/product_cat?post=213766"},{"taxonomy":"product_tag","embeddable":true,"href":"https:\/\/doremimusical.com.br\/2019\/wp-json\/wp\/v2\/product_tag?post=213766"}],"curies":[{"name":"wp","href":"https:\/\/api.w.org\/{rel}","templated":true}]}}