{"id":213758,"date":"2019-11-26T13:03:56","date_gmt":"2019-11-26T13:03:56","guid":{"rendered":"https:\/\/doremimusical.com.br\/2019\/?post_type=product&#038;p=213758"},"modified":"2019-11-26T13:42:37","modified_gmt":"2019-11-26T13:42:37","slug":"palheta-vandoren-java-para-sax-alto","status":"publish","type":"product","link":"https:\/\/doremimusical.com.br\/2019\/produto\/palheta-vandoren-java-para-sax-alto\/","title":{"rendered":"Palheta Vandoren Java para Sax Alto"},"content":{"rendered":"<p>Desenvolvida em 1983 para jazz e m\u00fasica popular. Apresenta uma extremidade mais grossa e uma lingueta mais flex\u00edvel do que a palheta tradicional, o que permite a vibra\u00e7\u00e3o sobre uma \u00e1rea de superf\u00edcie maior com o m\u00e1ximo de elasticidade, criando uma sonoridade brilhante com resposta im\u00e9diata. Mais flex\u00edveis do que as palhetas Tradicionais e as V16, permitem uma vibra\u00e7\u00e3o em uma longa superf\u00edcie, criando uma sonoridade brilhante com resposta r\u00e1pida. Indicadas para Jazz e Pop.<\/p>\n<p>\u2022 Dureza: 1,5<br \/>\n\u2022 Material: Cana<br \/>\n\u2022 Espessura da Ponta: 0,11mm<br \/>\n\u2022 Espessura do Tal\u00e3o: 3,25mm<\/p>\n<p>\u2022 Dureza: 2<br \/>\n\u2022 Material: Cana<br \/>\n\u2022 Espessura da Ponta: 0,11mm<br \/>\n\u2022 Espessura do Tal\u00e3o: 3,25mm<\/p>\n<p>\u2022 Dureza: 2,5<br \/>\n\u2022 Material: Cana<br \/>\n\u2022 Espessura da Ponta: 0,11mm<br \/>\n\u2022 Espessura do Tal\u00e3o: 3,25mm<\/p>\n<p>\u2022 Dureza: 3<br \/>\n\u2022 Material: Cana<br \/>\n\u2022 Espessura da Ponta: 0,11mm<br \/>\n\u2022 Espessura do Tal\u00e3o: 3,25mm<\/p>\n<p>\u2022 Dureza: 3,5<br \/>\n\u2022 Material: Cana<br \/>\n\u2022 Espessura da Ponta: 0,11mm<br \/>\n\u2022 Espessura do Tal\u00e3o: 3,25mm<\/p>\n","protected":false},"excerpt":{"rendered":"<p><img loading=\"lazy\" class=\"alignnone size-full wp-image-213746\" src=\"https:\/\/doremimusical.com.br\/2019\/wp-content\/uploads\/2019\/11\/Vandoren.png\" alt=\"\" width=\"169\" height=\"78\" srcset=\"https:\/\/doremimusical.com.br\/2019\/wp-content\/uploads\/2019\/11\/Vandoren.png 169w, https:\/\/doremimusical.com.br\/2019\/wp-content\/uploads\/2019\/11\/Vandoren-150x69.png 150w\" sizes=\"(max-width: 169px) 100vw, 169px\" \/><\/p>\n","protected":false},"featured_media":213759,"template":"","meta":{"_et_pb_use_builder":"","_et_pb_old_content":"","_et_gb_content_width":""},"product_cat":[79,82,317,310,382],"product_tag":[],"_links":{"self":[{"href":"https:\/\/doremimusical.com.br\/2019\/wp-json\/wp\/v2\/product\/213758"}],"collection":[{"href":"https:\/\/doremimusical.com.br\/2019\/wp-json\/wp\/v2\/product"}],"about":[{"href":"https:\/\/doremimusical.com.br\/2019\/wp-json\/wp\/v2\/types\/product"}],"wp:featuredmedia":[{"embeddable":true,"href":"https:\/\/doremimusical.com.br\/2019\/wp-json\/wp\/v2\/media\/213759"}],"wp:attachment":[{"href":"https:\/\/doremimusical.com.br\/2019\/wp-json\/wp\/v2\/media?parent=213758"}],"wp:term":[{"taxonomy":"product_cat","embeddable":true,"href":"https:\/\/doremimusical.com.br\/2019\/wp-json\/wp\/v2\/product_cat?post=213758"},{"taxonomy":"product_tag","embeddable":true,"href":"https:\/\/doremimusical.com.br\/2019\/wp-json\/wp\/v2\/product_tag?post=213758"}],"curies":[{"name":"wp","href":"https:\/\/api.w.org\/{rel}","templated":true}]}}