{"id":213755,"date":"2019-11-26T12:41:49","date_gmt":"2019-11-26T12:41:49","guid":{"rendered":"https:\/\/doremimusical.com.br\/2019\/?post_type=product&#038;p=213755"},"modified":"2019-11-26T13:41:34","modified_gmt":"2019-11-26T13:41:34","slug":"palheta-vandoren-tradicional-35-para-sax-alto","status":"publish","type":"product","link":"https:\/\/doremimusical.com.br\/2019\/produto\/palheta-vandoren-tradicional-35-para-sax-alto\/","title":{"rendered":"Palheta Vandoren Tradicional para Sax Alto"},"content":{"rendered":"<p>Sendo as mais utilizadas no mundo profissional, com uma superioridade comprovada ao longo de muitos anos, estas palhetas s\u00e3o adequadas para todos os estilos de m\u00fasica. As principais qualidades ac\u00fasticas s\u00e3o: Excelente resposta em todos os registros, permitindo at\u00e9 um ataque pian\u00edssimo nas notas mais altas. Uma flexibilidade que permite a execu\u00e7\u00e3o de grandes intervalos em legato ou staccato.<\/p>\n<p>\u2022 Dureza: 1,5<br \/>\n\u2022 Material: Cana<br \/>\n\u2022 Espessura da Ponta: 0,09mm<br \/>\n\u2022 Espessura do Tal\u00e3o: 2,8mm<\/p>\n<p>\u2022 Dureza: 2<br \/>\n\u2022 Material: Cana<br \/>\n\u2022 Espessura da Ponta: 0,09mm<br \/>\n\u2022 Espessura do Tal\u00e3o: 2,8mm<\/p>\n<p>\u2022 Dureza: 2,5<br \/>\n\u2022 Material: Cana<br \/>\n\u2022 Espessura da Ponta: 0,09mm<br \/>\n\u2022 Espessura do Tal\u00e3o: 2,8mm<\/p>\n<p>\u2022 Dureza: 3<br \/>\n\u2022 Material: Cana<br \/>\n\u2022 Espessura da Ponta: 0,09mm<br \/>\n\u2022 Espessura do Tal\u00e3o: 2,8mm<\/p>\n<p>Dureza: 3,5<br \/>\n\u2022 Material: Cana<br \/>\n\u2022 Espessura da Ponta: 0,09mm<br \/>\n\u2022 Espessura do Tal\u00e3o: 2,8mm<\/p>\n","protected":false},"excerpt":{"rendered":"<p><img loading=\"lazy\" class=\"alignnone size-full wp-image-213746\" src=\"https:\/\/doremimusical.com.br\/2019\/wp-content\/uploads\/2019\/11\/Vandoren.png\" alt=\"\" width=\"169\" height=\"78\" srcset=\"https:\/\/doremimusical.com.br\/2019\/wp-content\/uploads\/2019\/11\/Vandoren.png 169w, https:\/\/doremimusical.com.br\/2019\/wp-content\/uploads\/2019\/11\/Vandoren-150x69.png 150w\" sizes=\"(max-width: 169px) 100vw, 169px\" \/><\/p>\n","protected":false},"featured_media":213747,"template":"","meta":{"_et_pb_use_builder":"","_et_pb_old_content":"","_et_gb_content_width":""},"product_cat":[79,82,317,310,382],"product_tag":[],"_links":{"self":[{"href":"https:\/\/doremimusical.com.br\/2019\/wp-json\/wp\/v2\/product\/213755"}],"collection":[{"href":"https:\/\/doremimusical.com.br\/2019\/wp-json\/wp\/v2\/product"}],"about":[{"href":"https:\/\/doremimusical.com.br\/2019\/wp-json\/wp\/v2\/types\/product"}],"wp:featuredmedia":[{"embeddable":true,"href":"https:\/\/doremimusical.com.br\/2019\/wp-json\/wp\/v2\/media\/213747"}],"wp:attachment":[{"href":"https:\/\/doremimusical.com.br\/2019\/wp-json\/wp\/v2\/media?parent=213755"}],"wp:term":[{"taxonomy":"product_cat","embeddable":true,"href":"https:\/\/doremimusical.com.br\/2019\/wp-json\/wp\/v2\/product_cat?post=213755"},{"taxonomy":"product_tag","embeddable":true,"href":"https:\/\/doremimusical.com.br\/2019\/wp-json\/wp\/v2\/product_tag?post=213755"}],"curies":[{"name":"wp","href":"https:\/\/api.w.org\/{rel}","templated":true}]}}