{"id":213721,"date":"2019-11-25T20:52:09","date_gmt":"2019-11-25T20:52:09","guid":{"rendered":"https:\/\/doremimusical.com.br\/2019\/?post_type=product&#038;p=213721"},"modified":"2019-11-25T22:18:01","modified_gmt":"2019-11-25T22:18:01","slug":"pele-de-resposta-para-caixa-de-12-polegadas-ambassador","status":"publish","type":"product","link":"https:\/\/doremimusical.com.br\/2019\/produto\/pele-de-resposta-para-caixa-de-12-polegadas-ambassador\/","title":{"rendered":"Pele de Resposta Remo para Caixa de 12 Polegadas Ambassador"},"content":{"rendered":"<p>Padr\u00e3o standard da ind\u00fastria para peles batedeiras, usadas para ao vivo e est\u00fadio. A cl\u00e1ssica pele \u201cWeatherking series\u201d. Tonalidade mais aberta, ressonante e m\u00e9dia durabilidade. Filme simples: 3 mil Mylar.<\/p>\n<p>\u2022 12 Polegadas<br \/>\n\u2022 Modelo: Ambassador<br \/>\n\u2022 Material: Hazy<br \/>\n\u2022 Filme simples: 3 mil Mylar<\/p>\n","protected":false},"excerpt":{"rendered":"<p><img loading=\"lazy\" class=\"alignnone size-full wp-image-213689\" src=\"https:\/\/doremimusical.com.br\/2019\/wp-content\/uploads\/2019\/11\/Encore-by-Remo.png\" alt=\"\" width=\"160\" height=\"77\" srcset=\"https:\/\/doremimusical.com.br\/2019\/wp-content\/uploads\/2019\/11\/Encore-by-Remo.png 160w, https:\/\/doremimusical.com.br\/2019\/wp-content\/uploads\/2019\/11\/Encore-by-Remo-150x72.png 150w\" sizes=\"(max-width: 160px) 100vw, 160px\" \/><\/p>\n","protected":false},"featured_media":213722,"template":"","meta":{"_et_pb_use_builder":"","_et_pb_old_content":"","_et_gb_content_width":""},"product_cat":[79,82,381,323,330],"product_tag":[],"_links":{"self":[{"href":"https:\/\/doremimusical.com.br\/2019\/wp-json\/wp\/v2\/product\/213721"}],"collection":[{"href":"https:\/\/doremimusical.com.br\/2019\/wp-json\/wp\/v2\/product"}],"about":[{"href":"https:\/\/doremimusical.com.br\/2019\/wp-json\/wp\/v2\/types\/product"}],"wp:featuredmedia":[{"embeddable":true,"href":"https:\/\/doremimusical.com.br\/2019\/wp-json\/wp\/v2\/media\/213722"}],"wp:attachment":[{"href":"https:\/\/doremimusical.com.br\/2019\/wp-json\/wp\/v2\/media?parent=213721"}],"wp:term":[{"taxonomy":"product_cat","embeddable":true,"href":"https:\/\/doremimusical.com.br\/2019\/wp-json\/wp\/v2\/product_cat?post=213721"},{"taxonomy":"product_tag","embeddable":true,"href":"https:\/\/doremimusical.com.br\/2019\/wp-json\/wp\/v2\/product_tag?post=213721"}],"curies":[{"name":"wp","href":"https:\/\/api.w.org\/{rel}","templated":true}]}}