{"id":213700,"date":"2019-11-25T20:00:40","date_gmt":"2019-11-25T20:00:40","guid":{"rendered":"https:\/\/doremimusical.com.br\/2019\/?post_type=product&#038;p=213700"},"modified":"2019-11-25T20:00:40","modified_gmt":"2019-11-25T20:00:40","slug":"pele-encore-14-polegadas-controlled-sound-porosa-com-circulo","status":"publish","type":"product","link":"https:\/\/doremimusical.com.br\/2019\/produto\/pele-encore-14-polegadas-controlled-sound-porosa-com-circulo\/","title":{"rendered":"Pele Encore 14 Polegadas Controlled Sound Porosa com Circulo"},"content":{"rendered":"<p>As peles Controlled Sound possuem caracter\u00edsticas m\u00e9dias e de alta durabilidade. As extremidades de filme simples oferecem uma sonoridade m\u00e9dia e sensibilidade, enquanto o c\u00edrculo central \u201cdot\u201d aumenta a durabilidade e o foco tonal. A linha Porosa da Controlled Sound \u00e9 uma das preferidas para uso em caixas. Filme simples de 10 mil Mylar. Circulo central (Dot) de 5 mil Mylar.<\/p>\n<p>\u2022 14 Polegadas<br \/>\n\u2022 Modelo: Controlled Sound<br \/>\n\u2022 Pele: Porosa<br \/>\n\u2022 Filme simples: 10 mil Mylar<br \/>\n\u2022 Circulo central: 5 mil Mylar<\/p>\n","protected":false},"excerpt":{"rendered":"<p><img loading=\"lazy\" class=\"alignnone size-full wp-image-213689\" src=\"https:\/\/doremimusical.com.br\/2019\/wp-content\/uploads\/2019\/11\/Encore-by-Remo.png\" alt=\"\" width=\"160\" height=\"77\" srcset=\"https:\/\/doremimusical.com.br\/2019\/wp-content\/uploads\/2019\/11\/Encore-by-Remo.png 160w, https:\/\/doremimusical.com.br\/2019\/wp-content\/uploads\/2019\/11\/Encore-by-Remo-150x72.png 150w\" sizes=\"(max-width: 160px) 100vw, 160px\" \/><\/p>\n","protected":false},"featured_media":213701,"template":"","meta":{"_et_pb_use_builder":"","_et_pb_old_content":"","_et_gb_content_width":""},"product_cat":[79,82,381,323,330],"product_tag":[],"_links":{"self":[{"href":"https:\/\/doremimusical.com.br\/2019\/wp-json\/wp\/v2\/product\/213700"}],"collection":[{"href":"https:\/\/doremimusical.com.br\/2019\/wp-json\/wp\/v2\/product"}],"about":[{"href":"https:\/\/doremimusical.com.br\/2019\/wp-json\/wp\/v2\/types\/product"}],"wp:featuredmedia":[{"embeddable":true,"href":"https:\/\/doremimusical.com.br\/2019\/wp-json\/wp\/v2\/media\/213701"}],"wp:attachment":[{"href":"https:\/\/doremimusical.com.br\/2019\/wp-json\/wp\/v2\/media?parent=213700"}],"wp:term":[{"taxonomy":"product_cat","embeddable":true,"href":"https:\/\/doremimusical.com.br\/2019\/wp-json\/wp\/v2\/product_cat?post=213700"},{"taxonomy":"product_tag","embeddable":true,"href":"https:\/\/doremimusical.com.br\/2019\/wp-json\/wp\/v2\/product_tag?post=213700"}],"curies":[{"name":"wp","href":"https:\/\/api.w.org\/{rel}","templated":true}]}}