{"id":213677,"date":"2019-11-23T15:54:16","date_gmt":"2019-11-23T15:54:16","guid":{"rendered":"https:\/\/doremimusical.com.br\/2019\/?post_type=product&#038;p=213677"},"modified":"2019-11-23T17:16:37","modified_gmt":"2019-11-23T17:16:37","slug":"violino-3-4-estudante-dolphin-completo-com-estojo","status":"publish","type":"product","link":"https:\/\/doremimusical.com.br\/2019\/produto\/violino-3-4-estudante-dolphin-completo-com-estojo\/","title":{"rendered":"Violino 3\/4 Estudante Dominante Completo com Estojo"},"content":{"rendered":"<p>A linha de violino estudante \u00e9 constru\u00edda utilizando madeiras de alta qualidade, para acompanhar os m\u00fasicos em sua evolu\u00e7\u00e3o musical. Com um visual cl\u00e1ssico e sonoridade rica em harm\u00f4nicos. C\u00f3digo Izzo: 9649<\/p>\n<p>\u2022 Tampo em Spruce<br \/>\n\u2022 Lateral e Fundo de Maple<br \/>\n\u2022 Bra\u00e7o de Maple<br \/>\n\u2022 Espelho em Pearlwood Ebonizado<br \/>\n\u2022 Acompanha Estojo e Arco<\/p>\n","protected":false},"excerpt":{"rendered":"<p><img loading=\"lazy\" class=\"alignnone wp-image-212214\" src=\"https:\/\/doremimusical.com.br\/2019\/wp-content\/uploads\/2019\/09\/Dominante-300x90.png\" alt=\"\" width=\"187\" height=\"56\" srcset=\"https:\/\/doremimusical.com.br\/2019\/wp-content\/uploads\/2019\/09\/Dominante-300x90.png 300w, https:\/\/doremimusical.com.br\/2019\/wp-content\/uploads\/2019\/09\/Dominante-150x45.png 150w, https:\/\/doremimusical.com.br\/2019\/wp-content\/uploads\/2019\/09\/Dominante.png 310w\" sizes=\"(max-width: 187px) 100vw, 187px\" \/><\/p>\n","protected":false},"featured_media":213676,"template":"","meta":{"_et_pb_use_builder":"","_et_pb_old_content":"","_et_gb_content_width":""},"product_cat":[79,269,128,85,124],"product_tag":[],"_links":{"self":[{"href":"https:\/\/doremimusical.com.br\/2019\/wp-json\/wp\/v2\/product\/213677"}],"collection":[{"href":"https:\/\/doremimusical.com.br\/2019\/wp-json\/wp\/v2\/product"}],"about":[{"href":"https:\/\/doremimusical.com.br\/2019\/wp-json\/wp\/v2\/types\/product"}],"wp:featuredmedia":[{"embeddable":true,"href":"https:\/\/doremimusical.com.br\/2019\/wp-json\/wp\/v2\/media\/213676"}],"wp:attachment":[{"href":"https:\/\/doremimusical.com.br\/2019\/wp-json\/wp\/v2\/media?parent=213677"}],"wp:term":[{"taxonomy":"product_cat","embeddable":true,"href":"https:\/\/doremimusical.com.br\/2019\/wp-json\/wp\/v2\/product_cat?post=213677"},{"taxonomy":"product_tag","embeddable":true,"href":"https:\/\/doremimusical.com.br\/2019\/wp-json\/wp\/v2\/product_tag?post=213677"}],"curies":[{"name":"wp","href":"https:\/\/api.w.org\/{rel}","templated":true}]}}