{"id":213644,"date":"2019-11-22T19:43:25","date_gmt":"2019-11-22T19:43:25","guid":{"rendered":"https:\/\/doremimusical.com.br\/2019\/?post_type=product&#038;p=213644"},"modified":"2019-11-22T19:43:25","modified_gmt":"2019-11-22T19:43:25","slug":"flauta-doce-germanica-dolphin-soprano-do-azul-transparente","status":"publish","type":"product","link":"https:\/\/doremimusical.com.br\/2019\/produto\/flauta-doce-germanica-dolphin-soprano-do-azul-transparente\/","title":{"rendered":"Flauta Doce Germanica Dolphin Soprano Do Azul Transparente"},"content":{"rendered":"<p>Os instrumentos de sopro mais vendidos do Brasil est\u00e3o cada vez melhores. A Dolphin oferece uma linha ampla de instrumentos de sopro, sejam eles metais ou madeira, com tecnologia de ponta, acabamento refinado, alto n\u00edvel de tocabilidade, testados e aprovados por profissionais. Constru\u00e7\u00e3o em 3 pe\u00e7as<br \/>\nem pl\u00e1stico ABS dur\u00e1vel.<\/p>\n<p>\u2022 Flauta doce vertical Germ\u00e2nica<br \/>\nsoprano<br \/>\n\u2022 Alta durabilidade<br \/>\n\u2022 Entona\u00e7\u00e3o uniforme<br \/>\n\u2022 Precis\u00e3o<br \/>\n\u2022 F\u00e1cil tocabilidade<br \/>\n\u2022 indicada para m\u00fasicos<br \/>\nde todos os n\u00edveis<br \/>\n\u2022 Acompanha capa<\/p>\n","protected":false},"excerpt":{"rendered":"<p><img loading=\"lazy\" class=\"alignnone size-full wp-image-212477\" src=\"https:\/\/doremimusical.com.br\/2019\/wp-content\/uploads\/2019\/10\/Dolphin.png\" alt=\"\" width=\"180\" height=\"60\" srcset=\"https:\/\/doremimusical.com.br\/2019\/wp-content\/uploads\/2019\/10\/Dolphin.png 180w, https:\/\/doremimusical.com.br\/2019\/wp-content\/uploads\/2019\/10\/Dolphin-150x50.png 150w\" sizes=\"(max-width: 180px) 100vw, 180px\" \/><\/p>\n","protected":false},"featured_media":213645,"template":"","meta":{"_et_pb_use_builder":"","_et_pb_old_content":"","_et_gb_content_width":""},"product_cat":[79,228,226,85,195],"product_tag":[],"_links":{"self":[{"href":"https:\/\/doremimusical.com.br\/2019\/wp-json\/wp\/v2\/product\/213644"}],"collection":[{"href":"https:\/\/doremimusical.com.br\/2019\/wp-json\/wp\/v2\/product"}],"about":[{"href":"https:\/\/doremimusical.com.br\/2019\/wp-json\/wp\/v2\/types\/product"}],"wp:featuredmedia":[{"embeddable":true,"href":"https:\/\/doremimusical.com.br\/2019\/wp-json\/wp\/v2\/media\/213645"}],"wp:attachment":[{"href":"https:\/\/doremimusical.com.br\/2019\/wp-json\/wp\/v2\/media?parent=213644"}],"wp:term":[{"taxonomy":"product_cat","embeddable":true,"href":"https:\/\/doremimusical.com.br\/2019\/wp-json\/wp\/v2\/product_cat?post=213644"},{"taxonomy":"product_tag","embeddable":true,"href":"https:\/\/doremimusical.com.br\/2019\/wp-json\/wp\/v2\/product_tag?post=213644"}],"curies":[{"name":"wp","href":"https:\/\/api.w.org\/{rel}","templated":true}]}}