{"id":213615,"date":"2019-11-22T18:39:24","date_gmt":"2019-11-22T18:39:24","guid":{"rendered":"https:\/\/doremimusical.com.br\/2019\/?post_type=product&#038;p=213615"},"modified":"2019-11-22T18:39:24","modified_gmt":"2019-11-22T18:39:24","slug":"enc-ernie-ball-010-056-p-guitarra-7-cordas-regular-slink-paradigm","status":"publish","type":"product","link":"https:\/\/doremimusical.com.br\/2019\/produto\/enc-ernie-ball-010-056-p-guitarra-7-cordas-regular-slink-paradigm\/","title":{"rendered":"Enc. Ernie Ball 010-056 P\/ Guitarra 7 Cordas Regular Slink Paradigm"},"content":{"rendered":"<p>As cordas Paradigm Slinky s\u00e3o as cordas mais resistentes do planeta \u2013 GARANTIDO. O conjunto de cordas Paradigm Eletric Slinky fornece for\u00e7a sem precedentes e maior vida \u00fatil da corda enquanto mant\u00e9m 100% do timbre e sensibilidade. A expertise da Ernie Ball na fabrica\u00e7\u00e3o de cordas ultra-refor\u00e7adas de a\u00e7o est\u00e3o em todas as cordas da linha Paradigm, assim como um patenteado refor\u00e7o na bolinha final de cada corda, garantindo mais tens\u00e3o e resist\u00eancia contra a fadiga das cordas, afinando mais r\u00e1pido e segurando a afina\u00e7\u00e3o mesmo nas condi\u00e7\u00f5es e estilo mais exigentes. Utilizando o processo de nanotratamento das cordas Everlast com um inovador e aperfei\u00e7oado sistema de enrolamento das cordas, a Paradigm proporciona ultra resist\u00eancia \u00e0 corros\u00e3o e poeira. Experimente um jogo da primeira corda com vida prolongada que vale a pena ser tocada<\/p>\n","protected":false},"excerpt":{"rendered":"<p><img loading=\"lazy\" class=\"alignnone size-full wp-image-213597\" src=\"https:\/\/doremimusical.com.br\/2019\/wp-content\/uploads\/2019\/11\/Ernie-Ball.png\" alt=\"\" width=\"214\" height=\"56\" srcset=\"https:\/\/doremimusical.com.br\/2019\/wp-content\/uploads\/2019\/11\/Ernie-Ball.png 214w, https:\/\/doremimusical.com.br\/2019\/wp-content\/uploads\/2019\/11\/Ernie-Ball-150x39.png 150w\" sizes=\"(max-width: 214px) 100vw, 214px\" \/><\/p>\n","protected":false},"featured_media":213616,"template":"","meta":{"_et_pb_use_builder":"","_et_pb_old_content":"","_et_gb_content_width":""},"product_cat":[79,82,332,284,367,369],"product_tag":[],"_links":{"self":[{"href":"https:\/\/doremimusical.com.br\/2019\/wp-json\/wp\/v2\/product\/213615"}],"collection":[{"href":"https:\/\/doremimusical.com.br\/2019\/wp-json\/wp\/v2\/product"}],"about":[{"href":"https:\/\/doremimusical.com.br\/2019\/wp-json\/wp\/v2\/types\/product"}],"wp:featuredmedia":[{"embeddable":true,"href":"https:\/\/doremimusical.com.br\/2019\/wp-json\/wp\/v2\/media\/213616"}],"wp:attachment":[{"href":"https:\/\/doremimusical.com.br\/2019\/wp-json\/wp\/v2\/media?parent=213615"}],"wp:term":[{"taxonomy":"product_cat","embeddable":true,"href":"https:\/\/doremimusical.com.br\/2019\/wp-json\/wp\/v2\/product_cat?post=213615"},{"taxonomy":"product_tag","embeddable":true,"href":"https:\/\/doremimusical.com.br\/2019\/wp-json\/wp\/v2\/product_tag?post=213615"}],"curies":[{"name":"wp","href":"https:\/\/api.w.org\/{rel}","templated":true}]}}