{"id":213611,"date":"2019-11-22T18:31:33","date_gmt":"2019-11-22T18:31:33","guid":{"rendered":"https:\/\/doremimusical.com.br\/2019\/?post_type=product&#038;p=213611"},"modified":"2019-11-22T18:31:33","modified_gmt":"2019-11-22T18:31:33","slug":"enc-ernie-ball-010-052-p-violao-aco-earthwood-rock-and-blues-g-lisa-phophor-bronze","status":"publish","type":"product","link":"https:\/\/doremimusical.com.br\/2019\/produto\/enc-ernie-ball-010-052-p-violao-aco-earthwood-rock-and-blues-g-lisa-phophor-bronze\/","title":{"rendered":"Enc. Ernie Ball 010-052 P\/ Violao Aco Earthwood Rock And Blues (G Lisa) Phophor Bronze"},"content":{"rendered":"<p>Feita com fio de 92% de cobre, 7,7% de estanho e 0,3% de f\u00f3sforo enrolado em um fio hexagonal de a\u00e7o banhado \u00e0 estanho. Estas cordas de viol\u00e3o tem uma leve cor alaranjada e proporcionam um som suave, com excelente clareza.<\/p>\n","protected":false},"excerpt":{"rendered":"<p><img loading=\"lazy\" class=\"alignnone size-full wp-image-213597\" src=\"https:\/\/doremimusical.com.br\/2019\/wp-content\/uploads\/2019\/11\/Ernie-Ball.png\" alt=\"\" width=\"214\" height=\"56\" srcset=\"https:\/\/doremimusical.com.br\/2019\/wp-content\/uploads\/2019\/11\/Ernie-Ball.png 214w, https:\/\/doremimusical.com.br\/2019\/wp-content\/uploads\/2019\/11\/Ernie-Ball-150x39.png 150w\" sizes=\"(max-width: 214px) 100vw, 214px\" \/><\/p>\n","protected":false},"featured_media":213612,"template":"","meta":{"_et_pb_use_builder":"","_et_pb_old_content":"","_et_gb_content_width":""},"product_cat":[79,82,332,284,367,370],"product_tag":[],"_links":{"self":[{"href":"https:\/\/doremimusical.com.br\/2019\/wp-json\/wp\/v2\/product\/213611"}],"collection":[{"href":"https:\/\/doremimusical.com.br\/2019\/wp-json\/wp\/v2\/product"}],"about":[{"href":"https:\/\/doremimusical.com.br\/2019\/wp-json\/wp\/v2\/types\/product"}],"wp:featuredmedia":[{"embeddable":true,"href":"https:\/\/doremimusical.com.br\/2019\/wp-json\/wp\/v2\/media\/213612"}],"wp:attachment":[{"href":"https:\/\/doremimusical.com.br\/2019\/wp-json\/wp\/v2\/media?parent=213611"}],"wp:term":[{"taxonomy":"product_cat","embeddable":true,"href":"https:\/\/doremimusical.com.br\/2019\/wp-json\/wp\/v2\/product_cat?post=213611"},{"taxonomy":"product_tag","embeddable":true,"href":"https:\/\/doremimusical.com.br\/2019\/wp-json\/wp\/v2\/product_tag?post=213611"}],"curies":[{"name":"wp","href":"https:\/\/api.w.org\/{rel}","templated":true}]}}