{"id":213604,"date":"2019-11-22T18:20:10","date_gmt":"2019-11-22T18:20:10","guid":{"rendered":"https:\/\/doremimusical.com.br\/2019\/?post_type=product&#038;p=213604"},"modified":"2019-11-22T18:20:11","modified_gmt":"2019-11-22T18:20:11","slug":"enc-ernie-ball-011-052-p-guitarra-burly-slinky-niquel","status":"publish","type":"product","link":"https:\/\/doremimusical.com.br\/2019\/produto\/enc-ernie-ball-011-052-p-guitarra-burly-slinky-niquel\/","title":{"rendered":"Enc. Ernie Ball 011-052 P\/ Guitarra Burly Slinky Niquel"},"content":{"rendered":"<p>As cordas Ernie Ball Burly Slinky s\u00e3o amplamente conhecidas por seu timbre de classe. Estas cordas s\u00e3o fabricadas com precis\u00e3o para os mais altos padr\u00f5es e especifica\u00e7\u00f5es mais exigentes, garantindo a consist\u00eancia, desempenho ideal e durabilidade. Cordas Burly Slinky s\u00e3o feitas de fio de a\u00e7o niquelado envolto em torno de um fio hexagonal de a\u00e7o no n\u00facleo. As cordas lisas s\u00e3o feitas de a\u00e7o carbono temperado banhado \u00e0 estanho, produzindo um tom bem equilibrado para a sua guitarra<\/p>\n","protected":false},"excerpt":{"rendered":"<p><img loading=\"lazy\" class=\"alignnone size-full wp-image-213597\" src=\"https:\/\/doremimusical.com.br\/2019\/wp-content\/uploads\/2019\/11\/Ernie-Ball.png\" alt=\"\" width=\"214\" height=\"56\" srcset=\"https:\/\/doremimusical.com.br\/2019\/wp-content\/uploads\/2019\/11\/Ernie-Ball.png 214w, https:\/\/doremimusical.com.br\/2019\/wp-content\/uploads\/2019\/11\/Ernie-Ball-150x39.png 150w\" sizes=\"(max-width: 214px) 100vw, 214px\" \/><\/p>\n","protected":false},"featured_media":213605,"template":"","meta":{"_et_pb_use_builder":"","_et_pb_old_content":"","_et_gb_content_width":""},"product_cat":[79,82,332,284,367,369],"product_tag":[],"_links":{"self":[{"href":"https:\/\/doremimusical.com.br\/2019\/wp-json\/wp\/v2\/product\/213604"}],"collection":[{"href":"https:\/\/doremimusical.com.br\/2019\/wp-json\/wp\/v2\/product"}],"about":[{"href":"https:\/\/doremimusical.com.br\/2019\/wp-json\/wp\/v2\/types\/product"}],"wp:featuredmedia":[{"embeddable":true,"href":"https:\/\/doremimusical.com.br\/2019\/wp-json\/wp\/v2\/media\/213605"}],"wp:attachment":[{"href":"https:\/\/doremimusical.com.br\/2019\/wp-json\/wp\/v2\/media?parent=213604"}],"wp:term":[{"taxonomy":"product_cat","embeddable":true,"href":"https:\/\/doremimusical.com.br\/2019\/wp-json\/wp\/v2\/product_cat?post=213604"},{"taxonomy":"product_tag","embeddable":true,"href":"https:\/\/doremimusical.com.br\/2019\/wp-json\/wp\/v2\/product_tag?post=213604"}],"curies":[{"name":"wp","href":"https:\/\/api.w.org\/{rel}","templated":true}]}}