{"id":213595,"date":"2019-11-22T18:02:11","date_gmt":"2019-11-22T18:02:11","guid":{"rendered":"https:\/\/doremimusical.com.br\/2019\/?post_type=product&#038;p=213595"},"modified":"2019-11-22T18:02:11","modified_gmt":"2019-11-22T18:02:11","slug":"enc-045-100-p-baixo-4-cordas-ernie-ball-super-slinky-niquel-p02834-ernie-ball","status":"publish","type":"product","link":"https:\/\/doremimusical.com.br\/2019\/produto\/enc-045-100-p-baixo-4-cordas-ernie-ball-super-slinky-niquel-p02834-ernie-ball\/","title":{"rendered":"Enc. 045-100 P Baixo 4 Cordas Ernie Ball Super Slinky Niquel P02834 Ernie Ball"},"content":{"rendered":"<p>As cordas para baixo Ernie Ball Super Slinky s\u00e3o enroladas para um som brilhante e balanceado. Cada corda \u00e9 fabricada com as melhores mat\u00e9rias-primas no belo Coachella Valley, no sul da Calif\u00f3rnia. A lista de endorsees das cordas de baixo Ernie Ball \u00e9 uma lista dos artistas mais vendidos<\/p>\n","protected":false},"excerpt":{"rendered":"<p><img loading=\"lazy\" class=\"alignnone size-full wp-image-213597\" src=\"https:\/\/doremimusical.com.br\/2019\/wp-content\/uploads\/2019\/11\/Ernie-Ball.png\" alt=\"\" width=\"214\" height=\"56\" srcset=\"https:\/\/doremimusical.com.br\/2019\/wp-content\/uploads\/2019\/11\/Ernie-Ball.png 214w, https:\/\/doremimusical.com.br\/2019\/wp-content\/uploads\/2019\/11\/Ernie-Ball-150x39.png 150w\" sizes=\"(max-width: 214px) 100vw, 214px\" \/><\/p>\n","protected":false},"featured_media":213596,"template":"","meta":{"_et_pb_use_builder":"","_et_pb_old_content":"","_et_gb_content_width":""},"product_cat":[79,82,368,332,284,367],"product_tag":[],"_links":{"self":[{"href":"https:\/\/doremimusical.com.br\/2019\/wp-json\/wp\/v2\/product\/213595"}],"collection":[{"href":"https:\/\/doremimusical.com.br\/2019\/wp-json\/wp\/v2\/product"}],"about":[{"href":"https:\/\/doremimusical.com.br\/2019\/wp-json\/wp\/v2\/types\/product"}],"wp:featuredmedia":[{"embeddable":true,"href":"https:\/\/doremimusical.com.br\/2019\/wp-json\/wp\/v2\/media\/213596"}],"wp:attachment":[{"href":"https:\/\/doremimusical.com.br\/2019\/wp-json\/wp\/v2\/media?parent=213595"}],"wp:term":[{"taxonomy":"product_cat","embeddable":true,"href":"https:\/\/doremimusical.com.br\/2019\/wp-json\/wp\/v2\/product_cat?post=213595"},{"taxonomy":"product_tag","embeddable":true,"href":"https:\/\/doremimusical.com.br\/2019\/wp-json\/wp\/v2\/product_tag?post=213595"}],"curies":[{"name":"wp","href":"https:\/\/api.w.org\/{rel}","templated":true}]}}