{"id":213588,"date":"2019-11-22T17:46:34","date_gmt":"2019-11-22T17:46:34","guid":{"rendered":"https:\/\/doremimusical.com.br\/2019\/?post_type=product&#038;p=213588"},"modified":"2019-11-22T17:46:35","modified_gmt":"2019-11-22T17:46:35","slug":"encordoamento-elixir-011-custom-light-bronze-8020-nanoweb-para-violao-aco","status":"publish","type":"product","link":"https:\/\/doremimusical.com.br\/2019\/produto\/encordoamento-elixir-011-custom-light-bronze-8020-nanoweb-para-violao-aco\/","title":{"rendered":"Encordoamento Elixir .011 Custom Light Bronze 8020 Nanoweb para Viol\u00e3o A\u00e7o"},"content":{"rendered":"<p>Os encordoamentos Elixir\u00ae Strings 80\/20 Bronze para Viol\u00e3o A\u00e7o com Revestimento NANOWEB\u00ae possuem o timbre vivo e cristalino das cordas 80\/20 Bronze tradicionais, mas com a vida \u00fatil do timbre estendida. Al\u00e9m disso, proporcionam desempenho consistente, toque mais natural e menos ru\u00eddos indesej\u00e1veis. C\u00f3digo Izzo: 3211<\/p>\n<p>\u2022 Medidas: .011 .015 .022 .032 .042 .052<br \/>\n\u2022 Custom Light<br \/>\n\u2022 Material: Bronze 80\/20<br \/>\n\u2022 Revestimento: Nanoweb<\/p>\n","protected":false},"excerpt":{"rendered":"<p><img loading=\"lazy\" class=\"alignnone size-full wp-image-213569\" src=\"https:\/\/doremimusical.com.br\/2019\/wp-content\/uploads\/2019\/11\/Elixir.png\" alt=\"\" width=\"134\" height=\"61\" \/><\/p>\n","protected":false},"featured_media":213589,"template":"","meta":{"_et_pb_use_builder":"","_et_pb_old_content":"","_et_gb_content_width":""},"product_cat":[79,82,332,363,284,366],"product_tag":[],"_links":{"self":[{"href":"https:\/\/doremimusical.com.br\/2019\/wp-json\/wp\/v2\/product\/213588"}],"collection":[{"href":"https:\/\/doremimusical.com.br\/2019\/wp-json\/wp\/v2\/product"}],"about":[{"href":"https:\/\/doremimusical.com.br\/2019\/wp-json\/wp\/v2\/types\/product"}],"wp:featuredmedia":[{"embeddable":true,"href":"https:\/\/doremimusical.com.br\/2019\/wp-json\/wp\/v2\/media\/213589"}],"wp:attachment":[{"href":"https:\/\/doremimusical.com.br\/2019\/wp-json\/wp\/v2\/media?parent=213588"}],"wp:term":[{"taxonomy":"product_cat","embeddable":true,"href":"https:\/\/doremimusical.com.br\/2019\/wp-json\/wp\/v2\/product_cat?post=213588"},{"taxonomy":"product_tag","embeddable":true,"href":"https:\/\/doremimusical.com.br\/2019\/wp-json\/wp\/v2\/product_tag?post=213588"}],"curies":[{"name":"wp","href":"https:\/\/api.w.org\/{rel}","templated":true}]}}