{"id":213579,"date":"2019-11-22T17:26:53","date_gmt":"2019-11-22T17:26:53","guid":{"rendered":"https:\/\/doremimusical.com.br\/2019\/?post_type=product&#038;p=213579"},"modified":"2021-02-11T19:50:36","modified_gmt":"2021-02-11T19:50:36","slug":"encordoamento-elixir-011-medium-nanoweb-para-guitarra","status":"publish","type":"product","link":"https:\/\/doremimusical.com.br\/2019\/produto\/encordoamento-elixir-011-medium-nanoweb-para-guitarra\/","title":{"rendered":"Encordoamento Elixir .011 Medium Nanoweb para Guitarra"},"content":{"rendered":"<p>As cordas Elixir\u00ae Strings para Guitarra com Revestimento NANOWEB\u00ae possuem timbre brilhante e toque suave, mas com a vida \u00fatil do timbre estendida. Al\u00e9m disso, proporcionam desempenho consistente, toque mais natural e menos ru\u00eddos indesej\u00e1veis. C\u00f3digo Izzo: 3217<\/p>\n<p>\u2022 Medida: .011 .014 .018 .028 .038 .049<br \/>\n\u2022 Medium<br \/>\n\u2022 Material: A\u00e7o Niquelado<br \/>\n\u2022 Revestimento: Nanoweb<\/p>\n","protected":false},"excerpt":{"rendered":"<p><img loading=\"lazy\" class=\"alignnone size-full wp-image-213569\" src=\"https:\/\/doremimusical.com.br\/2019\/wp-content\/uploads\/2019\/11\/Elixir.png\" alt=\"\" width=\"134\" height=\"61\" \/><\/p>\n","protected":false},"featured_media":213581,"template":"","meta":{"_et_pb_use_builder":"","_et_pb_old_content":"","_et_gb_content_width":""},"product_cat":[79,82,332,363,284,365],"product_tag":[],"_links":{"self":[{"href":"https:\/\/doremimusical.com.br\/2019\/wp-json\/wp\/v2\/product\/213579"}],"collection":[{"href":"https:\/\/doremimusical.com.br\/2019\/wp-json\/wp\/v2\/product"}],"about":[{"href":"https:\/\/doremimusical.com.br\/2019\/wp-json\/wp\/v2\/types\/product"}],"wp:featuredmedia":[{"embeddable":true,"href":"https:\/\/doremimusical.com.br\/2019\/wp-json\/wp\/v2\/media\/213581"}],"wp:attachment":[{"href":"https:\/\/doremimusical.com.br\/2019\/wp-json\/wp\/v2\/media?parent=213579"}],"wp:term":[{"taxonomy":"product_cat","embeddable":true,"href":"https:\/\/doremimusical.com.br\/2019\/wp-json\/wp\/v2\/product_cat?post=213579"},{"taxonomy":"product_tag","embeddable":true,"href":"https:\/\/doremimusical.com.br\/2019\/wp-json\/wp\/v2\/product_tag?post=213579"}],"curies":[{"name":"wp","href":"https:\/\/api.w.org\/{rel}","templated":true}]}}