{"id":213572,"date":"2019-11-22T17:06:58","date_gmt":"2019-11-22T17:06:58","guid":{"rendered":"https:\/\/doremimusical.com.br\/2019\/?post_type=product&#038;p=213572"},"modified":"2019-11-22T17:21:59","modified_gmt":"2019-11-22T17:21:59","slug":"encordoamento-elixir-guitarra-009","status":"publish","type":"product","link":"https:\/\/doremimusical.com.br\/2019\/produto\/encordoamento-elixir-guitarra-009\/","title":{"rendered":"Encordoamento Elixir .009 Super Light Optiweb para Guitarra"},"content":{"rendered":"<p>As cordas Elixir\u00ae Strings para Guitarra com Revestimento OPTIWEB\u00ae timbre vivo e toque natural, al\u00e9m de manter a tradicional vida \u00fatil de uma corda Elixir. Com essa inova\u00e7\u00e3o, os m\u00fasicos que usam cordas n\u00e3o revestidas t\u00eam todos os benef\u00edcios premium das cordas Elixir revestidas, sem sacrificar o timbre e toque que tanto amam. C\u00f3digo Izzo: 12090<\/p>\n<p>\u2022 Medida: .009 .011 .016 .024 .032 .042<br \/>\n\u2022 Super Light<br \/>\n\u2022 Material: A\u00e7o<br \/>\n\u2022 Revestimento: Optiweb<\/p>\n","protected":false},"excerpt":{"rendered":"<p><img loading=\"lazy\" class=\"alignnone size-full wp-image-213569\" src=\"https:\/\/doremimusical.com.br\/2019\/wp-content\/uploads\/2019\/11\/Elixir.png\" alt=\"\" width=\"134\" height=\"61\" \/><\/p>\n","protected":false},"featured_media":213573,"template":"","meta":{"_et_pb_use_builder":"","_et_pb_old_content":"","_et_gb_content_width":""},"product_cat":[79,82,332,363,284,365],"product_tag":[],"_links":{"self":[{"href":"https:\/\/doremimusical.com.br\/2019\/wp-json\/wp\/v2\/product\/213572"}],"collection":[{"href":"https:\/\/doremimusical.com.br\/2019\/wp-json\/wp\/v2\/product"}],"about":[{"href":"https:\/\/doremimusical.com.br\/2019\/wp-json\/wp\/v2\/types\/product"}],"wp:featuredmedia":[{"embeddable":true,"href":"https:\/\/doremimusical.com.br\/2019\/wp-json\/wp\/v2\/media\/213573"}],"wp:attachment":[{"href":"https:\/\/doremimusical.com.br\/2019\/wp-json\/wp\/v2\/media?parent=213572"}],"wp:term":[{"taxonomy":"product_cat","embeddable":true,"href":"https:\/\/doremimusical.com.br\/2019\/wp-json\/wp\/v2\/product_cat?post=213572"},{"taxonomy":"product_tag","embeddable":true,"href":"https:\/\/doremimusical.com.br\/2019\/wp-json\/wp\/v2\/product_tag?post=213572"}],"curies":[{"name":"wp","href":"https:\/\/api.w.org\/{rel}","templated":true}]}}