{"id":213559,"date":"2019-11-22T15:19:06","date_gmt":"2019-11-22T15:19:06","guid":{"rendered":"https:\/\/doremimusical.com.br\/2019\/?post_type=product&#038;p=213559"},"modified":"2019-11-22T15:19:06","modified_gmt":"2019-11-22T15:19:06","slug":"encordoamento-sg-violao-aco-010","status":"publish","type":"product","link":"https:\/\/doremimusical.com.br\/2019\/produto\/encordoamento-sg-violao-aco-010\/","title":{"rendered":"Encordoamento SG Viol\u00e3o A\u00e7o 010"},"content":{"rendered":"<p>As cordas de tens\u00e3o Light s\u00e3o ideais para m\u00fasicos que n\u00e3o utilizam muita press\u00e3o nas m\u00e3os ou que prefiram uma sonoridade mais quente, por\u00e9m suave. Em solos ou palhetadas, o timbre \u00e9 sempre limpo e contagiante, seja qual for o estilo musical. Encordoamento que, al\u00e9m de um equil\u00edbrio sonoro sensacional, traz a verdadeira sensa\u00e7\u00e3o do folk. Com timbre quente e brilho enriquecido, a linha 85\/15 traz a mat\u00e9ria-prima mais equilibrada (em quest\u00e3o de durabilidade, conforto e som) dentre as usadas para instrumentos ac\u00fasticos. Medidas para uso em escala com comprimento de 25 \u00bd\u201d \/ 648mm. Cordas primas em a\u00e7o estanhado cil\u00edndrico. Bord\u00f5es com revestimento de bronze 85\/15 e n\u00facleo hexagonal de a\u00e7o estanhado. C\u00f3d: 6685<\/p>\n<p>&nbsp;<\/p>\n<table id=\"tablepress-33\" class=\"tablepress tablepress-id-33 ouro\">\n<thead>\n<tr class=\"row-1\">\n<th class=\"column-1\">TENS\u00c3O<\/th>\n<th class=\"column-2\">E1<\/th>\n<th class=\"column-3\">B2<\/th>\n<th class=\"column-4\">G3<\/th>\n<th class=\"column-5\">D4<\/th>\n<th class=\"column-6\">A5<\/th>\n<th class=\"column-7\">E6<\/th>\n<th class=\"column-8\">B7<\/th>\n<\/tr>\n<\/thead>\n<tbody>\n<tr class=\"row-2\">\n<td class=\"column-1\">Light<\/td>\n<td class=\"column-2\">.010<\/td>\n<td class=\"column-3\">.014<\/td>\n<td class=\"column-4\">.022w<\/td>\n<td class=\"column-5\">.030<\/td>\n<td class=\"column-6\">.039<\/td>\n<td class=\"column-7\">.047<\/td>\n<td class=\"column-8\">&#8211;<\/td>\n<\/tr>\n<\/tbody>\n<\/table>\n","protected":false},"excerpt":{"rendered":"<p><img loading=\"lazy\" class=\"alignnone size-full wp-image-213324\" src=\"https:\/\/doremimusical.com.br\/2019\/wp-content\/uploads\/2019\/11\/SG.png\" alt=\"\" width=\"95\" height=\"65\" \/><\/p>\n","protected":false},"featured_media":213560,"template":"","meta":{"_et_pb_use_builder":"","_et_pb_old_content":"","_et_gb_content_width":""},"product_cat":[79,82,332,284,326,362],"product_tag":[],"_links":{"self":[{"href":"https:\/\/doremimusical.com.br\/2019\/wp-json\/wp\/v2\/product\/213559"}],"collection":[{"href":"https:\/\/doremimusical.com.br\/2019\/wp-json\/wp\/v2\/product"}],"about":[{"href":"https:\/\/doremimusical.com.br\/2019\/wp-json\/wp\/v2\/types\/product"}],"wp:featuredmedia":[{"embeddable":true,"href":"https:\/\/doremimusical.com.br\/2019\/wp-json\/wp\/v2\/media\/213560"}],"wp:attachment":[{"href":"https:\/\/doremimusical.com.br\/2019\/wp-json\/wp\/v2\/media?parent=213559"}],"wp:term":[{"taxonomy":"product_cat","embeddable":true,"href":"https:\/\/doremimusical.com.br\/2019\/wp-json\/wp\/v2\/product_cat?post=213559"},{"taxonomy":"product_tag","embeddable":true,"href":"https:\/\/doremimusical.com.br\/2019\/wp-json\/wp\/v2\/product_tag?post=213559"}],"curies":[{"name":"wp","href":"https:\/\/api.w.org\/{rel}","templated":true}]}}