{"id":213480,"date":"2019-11-21T13:32:00","date_gmt":"2019-11-21T13:32:00","guid":{"rendered":"https:\/\/doremimusical.com.br\/2019\/?post_type=product&#038;p=213480"},"modified":"2019-11-21T13:32:01","modified_gmt":"2019-11-21T13:32:01","slug":"cavalete-baush-cello-4-4","status":"publish","type":"product","link":"https:\/\/doremimusical.com.br\/2019\/produto\/cavalete-baush-cello-4-4\/","title":{"rendered":"Cavalete Baush Cello 4-4"},"content":{"rendered":"<p>Os Cavaletes Josef Teller S\u00e3o feitos artesanalmente na Lutheria de Josef Teller na Alemanha Ocidental, onde as tradi\u00e7\u00f5es remontom os anos de 1800 at\u00e9 os dias de hoje.<\/p>\n<p>Toda a madeira ultilizada para confec\u00e7\u00e3o \u00e9 o Mapple B\u00f3snio das regi\u00f5es mais montanhosas com idade em torno de 5 a 20 anos para os modelos de assinatura.<\/p>\n<p>no modelo 1 \u00e1rvore ou 1 estrela tem a rajadura mais grossa nas pernas e mais finas no topo das pe\u00e7as. lembrando que esse padr\u00e3o pode n\u00e3o obedecer todas as pe\u00e7as do estoque pois a mat\u00e9ria prima \u00e9 natural.<\/p>\n","protected":false},"excerpt":{"rendered":"<p><img loading=\"lazy\" class=\"alignnone size-full wp-image-213481\" src=\"https:\/\/doremimusical.com.br\/2019\/wp-content\/uploads\/2019\/11\/Teller-Germany.png\" alt=\"\" width=\"120\" height=\"81\" \/><\/p>\n","protected":false},"featured_media":213482,"template":"","meta":{"_et_pb_use_builder":"","_et_pb_old_content":"","_et_gb_content_width":""},"product_cat":[79,82,351,332,352],"product_tag":[],"_links":{"self":[{"href":"https:\/\/doremimusical.com.br\/2019\/wp-json\/wp\/v2\/product\/213480"}],"collection":[{"href":"https:\/\/doremimusical.com.br\/2019\/wp-json\/wp\/v2\/product"}],"about":[{"href":"https:\/\/doremimusical.com.br\/2019\/wp-json\/wp\/v2\/types\/product"}],"wp:featuredmedia":[{"embeddable":true,"href":"https:\/\/doremimusical.com.br\/2019\/wp-json\/wp\/v2\/media\/213482"}],"wp:attachment":[{"href":"https:\/\/doremimusical.com.br\/2019\/wp-json\/wp\/v2\/media?parent=213480"}],"wp:term":[{"taxonomy":"product_cat","embeddable":true,"href":"https:\/\/doremimusical.com.br\/2019\/wp-json\/wp\/v2\/product_cat?post=213480"},{"taxonomy":"product_tag","embeddable":true,"href":"https:\/\/doremimusical.com.br\/2019\/wp-json\/wp\/v2\/product_tag?post=213480"}],"curies":[{"name":"wp","href":"https:\/\/api.w.org\/{rel}","templated":true}]}}