{"id":213455,"date":"2019-11-19T15:22:38","date_gmt":"2019-11-19T15:22:38","guid":{"rendered":"https:\/\/doremimusical.com.br\/2019\/?post_type=product&#038;p=213455"},"modified":"2019-11-19T15:22:38","modified_gmt":"2019-11-19T15:22:38","slug":"jack-stereo-spirit-cilindrico-dourado","status":"publish","type":"product","link":"https:\/\/doremimusical.com.br\/2019\/produto\/jack-stereo-spirit-cilindrico-dourado\/","title":{"rendered":"Jack Stereo Spirit (Cilindrico) Dourado"},"content":{"rendered":"<p>Jack Blindado para contrabaixo e guitarra.<\/p>\n<p>Este modelo de jack n\u00e3o utiliza acabamento \u00a0jack plate Canoa, Oval, Retangular, etc, pois ele \u00e9 introduzido diretamente no corpo do instrumento e o aperto da pe\u00e7a \u00e9 feito pela parte interna do compartimento eletr\u00f4nico do instrumento.<\/p>\n<p>Originalmente n\u00e3o \u00e9 utilizado para guitarras Strato, Baixos Jazz Bass e Precision e outros instrumentos que possuem jack plate.<\/p>\n<p>Temos algumas fotos de instrumentos que utilizam este Jack Blindado.<\/p>\n","protected":false},"excerpt":{"rendered":"<p><img loading=\"lazy\" class=\"alignnone size-full wp-image-213402\" src=\"https:\/\/doremimusical.com.br\/2019\/wp-content\/uploads\/2019\/11\/Spirit.png\" alt=\"\" width=\"220\" height=\"62\" srcset=\"https:\/\/doremimusical.com.br\/2019\/wp-content\/uploads\/2019\/11\/Spirit.png 220w, https:\/\/doremimusical.com.br\/2019\/wp-content\/uploads\/2019\/11\/Spirit-150x42.png 150w\" sizes=\"(max-width: 220px) 100vw, 220px\" \/><\/p>\n","protected":false},"featured_media":213456,"template":"","meta":{"_et_pb_use_builder":"","_et_pb_old_content":"","_et_gb_content_width":""},"product_cat":[79,82,332,341,342],"product_tag":[],"_links":{"self":[{"href":"https:\/\/doremimusical.com.br\/2019\/wp-json\/wp\/v2\/product\/213455"}],"collection":[{"href":"https:\/\/doremimusical.com.br\/2019\/wp-json\/wp\/v2\/product"}],"about":[{"href":"https:\/\/doremimusical.com.br\/2019\/wp-json\/wp\/v2\/types\/product"}],"wp:featuredmedia":[{"embeddable":true,"href":"https:\/\/doremimusical.com.br\/2019\/wp-json\/wp\/v2\/media\/213456"}],"wp:attachment":[{"href":"https:\/\/doremimusical.com.br\/2019\/wp-json\/wp\/v2\/media?parent=213455"}],"wp:term":[{"taxonomy":"product_cat","embeddable":true,"href":"https:\/\/doremimusical.com.br\/2019\/wp-json\/wp\/v2\/product_cat?post=213455"},{"taxonomy":"product_tag","embeddable":true,"href":"https:\/\/doremimusical.com.br\/2019\/wp-json\/wp\/v2\/product_tag?post=213455"}],"curies":[{"name":"wp","href":"https:\/\/api.w.org\/{rel}","templated":true}]}}