{"id":213440,"date":"2019-11-18T20:53:28","date_gmt":"2019-11-18T20:53:28","guid":{"rendered":"https:\/\/doremimusical.com.br\/2019\/?post_type=product&#038;p=213440"},"modified":"2019-11-18T21:06:53","modified_gmt":"2019-11-18T21:06:53","slug":"ponta-fixa-cromada-spirit-para-guitarra","status":"publish","type":"product","link":"https:\/\/doremimusical.com.br\/2019\/produto\/ponta-fixa-cromada-spirit-para-guitarra\/","title":{"rendered":"Ponte Fixa Cromada Spirit Para Guitarra"},"content":{"rendered":"<p>Cor:Cromada<\/p>\n<p>Cont\u00e9m: 1 ponte, 2 piv\u00f4s, 1 suporte p\/ molas, 3 molas, 2 parafusos para fixa\u00e7\u00e3o do suporte de molas, 1 chave allen para ajuste dos carrinhos e 1 chave allen para ajuste dos piv\u00f4s.<\/p>\n<p>Espa\u00e7amento entre as cordas: 10.8mm<\/p>\n<p>Material do bloco: Zinco<\/p>\n<p>Comprimento do bloco: 40mm<\/p>\n<p>Marca: Spirit<\/p>\n","protected":false},"excerpt":{"rendered":"<p><img loading=\"lazy\" class=\"alignnone size-full wp-image-213402\" src=\"https:\/\/doremimusical.com.br\/2019\/wp-content\/uploads\/2019\/11\/Spirit.png\" alt=\"\" width=\"220\" height=\"62\" srcset=\"https:\/\/doremimusical.com.br\/2019\/wp-content\/uploads\/2019\/11\/Spirit.png 220w, https:\/\/doremimusical.com.br\/2019\/wp-content\/uploads\/2019\/11\/Spirit-150x42.png 150w\" sizes=\"(max-width: 220px) 100vw, 220px\" \/><\/p>\n","protected":false},"featured_media":213441,"template":"","meta":{"_et_pb_use_builder":"","_et_pb_old_content":"","_et_gb_content_width":""},"product_cat":[79,82,332,337,336,338],"product_tag":[],"_links":{"self":[{"href":"https:\/\/doremimusical.com.br\/2019\/wp-json\/wp\/v2\/product\/213440"}],"collection":[{"href":"https:\/\/doremimusical.com.br\/2019\/wp-json\/wp\/v2\/product"}],"about":[{"href":"https:\/\/doremimusical.com.br\/2019\/wp-json\/wp\/v2\/types\/product"}],"wp:featuredmedia":[{"embeddable":true,"href":"https:\/\/doremimusical.com.br\/2019\/wp-json\/wp\/v2\/media\/213441"}],"wp:attachment":[{"href":"https:\/\/doremimusical.com.br\/2019\/wp-json\/wp\/v2\/media?parent=213440"}],"wp:term":[{"taxonomy":"product_cat","embeddable":true,"href":"https:\/\/doremimusical.com.br\/2019\/wp-json\/wp\/v2\/product_cat?post=213440"},{"taxonomy":"product_tag","embeddable":true,"href":"https:\/\/doremimusical.com.br\/2019\/wp-json\/wp\/v2\/product_tag?post=213440"}],"curies":[{"name":"wp","href":"https:\/\/api.w.org\/{rel}","templated":true}]}}