{"id":213395,"date":"2019-11-18T18:54:19","date_gmt":"2019-11-18T18:54:19","guid":{"rendered":"https:\/\/doremimusical.com.br\/2019\/?post_type=product&#038;p=213395"},"modified":"2019-11-18T18:54:20","modified_gmt":"2019-11-18T18:54:20","slug":"pele-evans-bumbo-22-polegadas-batedeira","status":"publish","type":"product","link":"https:\/\/doremimusical.com.br\/2019\/produto\/pele-evans-bumbo-22-polegadas-batedeira\/","title":{"rendered":"Pele Evans Bumbo 22&#8221; Polegadas Batedeira"},"content":{"rendered":"<p>A EQ3 \u00e9 uma pele de filme duplo 6,5 mil (0,17 mm) cada filme com um anel interno para controle de harm\u00f4nicos e um anel abafador remov\u00edvel que devolve o kick ao bumbo. Um volume grave controlado e um ataque definido fazem dela a pele perfeita para performances.<\/p>\n<table border=\"0\" width=\"491\" cellspacing=\"0\" cellpadding=\"0\">\n<tbody>\n<tr>\n<td width=\"99\" height=\"28\"><strong>PRODUTO<\/strong><\/td>\n<td width=\"328\"><strong>NOME<\/strong><\/td>\n<td width=\"64\"><strong>C\u00d3DIGO<\/strong><\/td>\n<\/tr>\n<\/tbody>\n<\/table>\n<table border=\"0\" width=\"491\" cellspacing=\"0\" cellpadding=\"0\">\n<tbody>\n<tr>\n<td height=\"21\">BD22GB3<\/td>\n<td width=\"328\">EQ3 TRANSPARENTE 22\u2033<\/td>\n<td>013629<\/td>\n<\/tr>\n<\/tbody>\n<\/table>\n","protected":false},"excerpt":{"rendered":"<p><img loading=\"lazy\" class=\"alignnone size-full wp-image-213374\" src=\"https:\/\/doremimusical.com.br\/2019\/wp-content\/uploads\/2019\/11\/Evans.png\" alt=\"\" width=\"188\" height=\"80\" srcset=\"https:\/\/doremimusical.com.br\/2019\/wp-content\/uploads\/2019\/11\/Evans.png 188w, https:\/\/doremimusical.com.br\/2019\/wp-content\/uploads\/2019\/11\/Evans-150x64.png 150w\" sizes=\"(max-width: 188px) 100vw, 188px\" \/><\/p>\n","protected":false},"featured_media":213396,"template":"","meta":{"_et_pb_use_builder":"","_et_pb_old_content":"","_et_gb_content_width":""},"product_cat":[79,82,331,323,330],"product_tag":[],"_links":{"self":[{"href":"https:\/\/doremimusical.com.br\/2019\/wp-json\/wp\/v2\/product\/213395"}],"collection":[{"href":"https:\/\/doremimusical.com.br\/2019\/wp-json\/wp\/v2\/product"}],"about":[{"href":"https:\/\/doremimusical.com.br\/2019\/wp-json\/wp\/v2\/types\/product"}],"wp:featuredmedia":[{"embeddable":true,"href":"https:\/\/doremimusical.com.br\/2019\/wp-json\/wp\/v2\/media\/213396"}],"wp:attachment":[{"href":"https:\/\/doremimusical.com.br\/2019\/wp-json\/wp\/v2\/media?parent=213395"}],"wp:term":[{"taxonomy":"product_cat","embeddable":true,"href":"https:\/\/doremimusical.com.br\/2019\/wp-json\/wp\/v2\/product_cat?post=213395"},{"taxonomy":"product_tag","embeddable":true,"href":"https:\/\/doremimusical.com.br\/2019\/wp-json\/wp\/v2\/product_tag?post=213395"}],"curies":[{"name":"wp","href":"https:\/\/api.w.org\/{rel}","templated":true}]}}