{"id":213381,"date":"2019-11-18T18:09:05","date_gmt":"2019-11-18T18:09:05","guid":{"rendered":"https:\/\/doremimusical.com.br\/2019\/?post_type=product&#038;p=213381"},"modified":"2019-11-18T18:09:05","modified_gmt":"2019-11-18T18:09:05","slug":"pele-evans-caixa-tom-14-polegada-porosa-batedeira","status":"publish","type":"product","link":"https:\/\/doremimusical.com.br\/2019\/produto\/pele-evans-caixa-tom-14-polegada-porosa-batedeira\/","title":{"rendered":"Pele Evans Caixa-Tom 14&#8221; Polegada Porosa Batedeira"},"content":{"rendered":"<p>A G1 Coated utiliza um revestimento exclusivo da Evans, que oferece a quantidade ideal de fric\u00e7\u00e3o para vassourinhas e se mescla com a vibra\u00e7\u00e3o natural da pele para produzir um som aquecido e denso, sem abafar a resson\u00e2ncia. Al\u00e9m disso produz um incr\u00edvel equil\u00edbrio entre ataque e\u00a0sustain e uma sensibilidade refor\u00e7ada ao redor da borda.<\/p>\n<table border=\"0\" width=\"491\" cellspacing=\"0\" cellpadding=\"0\">\n<colgroup>\n<col width=\"99\" \/>\n<col width=\"328\" \/>\n<col width=\"64\" \/><\/colgroup>\n<tbody>\n<tr>\n<td width=\"99\" height=\"28\"><strong>PRODUTO<\/strong><\/td>\n<td width=\"328\"><strong>NOME<\/strong><\/td>\n<td width=\"64\"><strong>C\u00d3DIGO<\/strong><\/td>\n<\/tr>\n<\/tbody>\n<\/table>\n<table border=\"0\" width=\"491\" cellspacing=\"0\" cellpadding=\"0\">\n<tbody>\n<tr>\n<td height=\"22\">B14G1<\/td>\n<td width=\"328\">PELE PARA CAIXA \/ TOM 14\u2033<\/td>\n<td>013455<\/td>\n<\/tr>\n<\/tbody>\n<\/table>\n","protected":false},"excerpt":{"rendered":"<p><img loading=\"lazy\" class=\"alignnone size-full wp-image-213374\" src=\"https:\/\/doremimusical.com.br\/2019\/wp-content\/uploads\/2019\/11\/Evans.png\" alt=\"\" width=\"188\" height=\"80\" srcset=\"https:\/\/doremimusical.com.br\/2019\/wp-content\/uploads\/2019\/11\/Evans.png 188w, https:\/\/doremimusical.com.br\/2019\/wp-content\/uploads\/2019\/11\/Evans-150x64.png 150w\" sizes=\"(max-width: 188px) 100vw, 188px\" \/><\/p>\n","protected":false},"featured_media":213382,"template":"","meta":{"_et_pb_use_builder":"","_et_pb_old_content":"","_et_gb_content_width":""},"product_cat":[79,82,331,323,330],"product_tag":[],"_links":{"self":[{"href":"https:\/\/doremimusical.com.br\/2019\/wp-json\/wp\/v2\/product\/213381"}],"collection":[{"href":"https:\/\/doremimusical.com.br\/2019\/wp-json\/wp\/v2\/product"}],"about":[{"href":"https:\/\/doremimusical.com.br\/2019\/wp-json\/wp\/v2\/types\/product"}],"wp:featuredmedia":[{"embeddable":true,"href":"https:\/\/doremimusical.com.br\/2019\/wp-json\/wp\/v2\/media\/213382"}],"wp:attachment":[{"href":"https:\/\/doremimusical.com.br\/2019\/wp-json\/wp\/v2\/media?parent=213381"}],"wp:term":[{"taxonomy":"product_cat","embeddable":true,"href":"https:\/\/doremimusical.com.br\/2019\/wp-json\/wp\/v2\/product_cat?post=213381"},{"taxonomy":"product_tag","embeddable":true,"href":"https:\/\/doremimusical.com.br\/2019\/wp-json\/wp\/v2\/product_tag?post=213381"}],"curies":[{"name":"wp","href":"https:\/\/api.w.org\/{rel}","templated":true}]}}