{"id":213375,"date":"2019-11-18T17:52:58","date_gmt":"2019-11-18T17:52:58","guid":{"rendered":"https:\/\/doremimusical.com.br\/2019\/?post_type=product&#038;p=213375"},"modified":"2019-11-18T17:54:43","modified_gmt":"2019-11-18T17:54:43","slug":"pele-evans-tom-08-polegadas-porosa","status":"publish","type":"product","link":"https:\/\/doremimusical.com.br\/2019\/produto\/pele-evans-tom-08-polegadas-porosa\/","title":{"rendered":"Pele Evans Tom 08&#8221; Polegadas Porosa Batedeira"},"content":{"rendered":"<p>A G1 Coated utiliza um revestimento exclusivo da Evans, que oferece a quantidade ideal de fric\u00e7\u00e3o para vassourinhas e se mescla com a vibra\u00e7\u00e3o natural da pele para produzir um som aquecido e denso, sem abafar a resson\u00e2ncia. Al\u00e9m disso produz um incr\u00edvel equil\u00edbrio entre ataque e\u00a0sustain e uma sensibilidade refor\u00e7ada ao redor da borda.<\/p>\n<table border=\"0\" width=\"491\" cellspacing=\"0\" cellpadding=\"0\">\n<tbody>\n<tr>\n<td width=\"99\" height=\"28\"><strong>PRODUTO<\/strong><\/td>\n<td width=\"328\"><strong>NOME<\/strong><\/td>\n<td width=\"64\"><strong>C\u00d3DIGO<\/strong><\/td>\n<\/tr>\n<\/tbody>\n<\/table>\n<table style=\"height: 25px;\" border=\"0\" width=\"482\" cellspacing=\"0\" cellpadding=\"0\">\n<tbody>\n<tr>\n<td height=\"22\">B08G1<\/td>\n<td width=\"328\">\u00a0PELE PARA TOM 08\u2033<\/td>\n<td>013450<\/td>\n<\/tr>\n<\/tbody>\n<\/table>\n","protected":false},"excerpt":{"rendered":"<p><img loading=\"lazy\" class=\"alignnone size-full wp-image-213374\" src=\"https:\/\/doremimusical.com.br\/2019\/wp-content\/uploads\/2019\/11\/Evans.png\" alt=\"\" width=\"188\" height=\"80\" srcset=\"https:\/\/doremimusical.com.br\/2019\/wp-content\/uploads\/2019\/11\/Evans.png 188w, https:\/\/doremimusical.com.br\/2019\/wp-content\/uploads\/2019\/11\/Evans-150x64.png 150w\" sizes=\"(max-width: 188px) 100vw, 188px\" \/><\/p>\n","protected":false},"featured_media":213376,"template":"","meta":{"_et_pb_use_builder":"","_et_pb_old_content":"","_et_gb_content_width":""},"product_cat":[79,82,331,323,330],"product_tag":[],"_links":{"self":[{"href":"https:\/\/doremimusical.com.br\/2019\/wp-json\/wp\/v2\/product\/213375"}],"collection":[{"href":"https:\/\/doremimusical.com.br\/2019\/wp-json\/wp\/v2\/product"}],"about":[{"href":"https:\/\/doremimusical.com.br\/2019\/wp-json\/wp\/v2\/types\/product"}],"wp:featuredmedia":[{"embeddable":true,"href":"https:\/\/doremimusical.com.br\/2019\/wp-json\/wp\/v2\/media\/213376"}],"wp:attachment":[{"href":"https:\/\/doremimusical.com.br\/2019\/wp-json\/wp\/v2\/media?parent=213375"}],"wp:term":[{"taxonomy":"product_cat","embeddable":true,"href":"https:\/\/doremimusical.com.br\/2019\/wp-json\/wp\/v2\/product_cat?post=213375"},{"taxonomy":"product_tag","embeddable":true,"href":"https:\/\/doremimusical.com.br\/2019\/wp-json\/wp\/v2\/product_tag?post=213375"}],"curies":[{"name":"wp","href":"https:\/\/api.w.org\/{rel}","templated":true}]}}