{"id":213364,"date":"2019-11-18T16:31:34","date_gmt":"2019-11-18T16:31:34","guid":{"rendered":"https:\/\/doremimusical.com.br\/2019\/?post_type=product&#038;p=213364"},"modified":"2021-10-14T17:28:12","modified_gmt":"2021-10-14T17:28:12","slug":"pele-uno-caixa-tom-14-batedeira","status":"publish","type":"product","link":"https:\/\/doremimusical.com.br\/2019\/produto\/pele-uno-caixa-tom-14-batedeira\/","title":{"rendered":"Pele Uno Caixa-Tom 14&#8221; Batedeira"},"content":{"rendered":"<p>Usando um exclusivo filme de 12 mi, a UNO G PLUS proporciona o som aberto e controlado de um filme \u00fanico adicionado a um leve revestimento que oferece maior durabilidade, ataque e proje\u00e7\u00e3o para aqueles com uma pegada mais intensa. Na caixa, a pele produz o famoso som \u201ccrack\u201d, que mant\u00e9m ao mesmo tempo o som ambiente. O leve revestimento adicional acrescenta brilho, foco e profundidade ao som. A UNO G PLUS \u00e9 adapt\u00e1vel a m\u00fasicos que tocam diferentes estilos musicais, do fusion ao rock. As peles UNO s\u00e3o presas de forma plissada em um anel de alta qualidade.<\/p>\n<p>&nbsp;<\/p>\n<table border=\"0\" width=\"491\" cellspacing=\"0\" cellpadding=\"0\">\n<colgroup>\n<col width=\"99\" \/>\n<col width=\"328\" \/>\n<col width=\"64\" \/><\/colgroup>\n<tbody>\n<tr>\n<td width=\"99\" height=\"28\"><strong>PRODUTO<\/strong><\/td>\n<td width=\"328\"><strong>NOME<\/strong><\/td>\n<td width=\"64\"><strong>C\u00d3DIGO<\/strong><\/td>\n<\/tr>\n<\/tbody>\n<\/table>\n<table border=\"0\" width=\"491\" cellspacing=\"0\" cellpadding=\"0\">\n<tbody>\n<tr>\n<td height=\"22\">UTT14GP<\/td>\n<td width=\"328\">UNO G Plus Transparente 14\u2033<\/td>\n<td>18806<\/td>\n<\/tr>\n<\/tbody>\n<\/table>\n","protected":false},"excerpt":{"rendered":"<p><img loading=\"lazy\" class=\"alignnone size-full wp-image-213315\" src=\"https:\/\/doremimusical.com.br\/2019\/wp-content\/uploads\/2019\/11\/Uno.png\" alt=\"\" width=\"110\" height=\"72\" \/><\/p>\n","protected":false},"featured_media":213365,"template":"","meta":{"_et_pb_use_builder":"","_et_pb_old_content":"","_et_gb_content_width":""},"product_cat":[79,82,331,323,330],"product_tag":[],"_links":{"self":[{"href":"https:\/\/doremimusical.com.br\/2019\/wp-json\/wp\/v2\/product\/213364"}],"collection":[{"href":"https:\/\/doremimusical.com.br\/2019\/wp-json\/wp\/v2\/product"}],"about":[{"href":"https:\/\/doremimusical.com.br\/2019\/wp-json\/wp\/v2\/types\/product"}],"wp:featuredmedia":[{"embeddable":true,"href":"https:\/\/doremimusical.com.br\/2019\/wp-json\/wp\/v2\/media\/213365"}],"wp:attachment":[{"href":"https:\/\/doremimusical.com.br\/2019\/wp-json\/wp\/v2\/media?parent=213364"}],"wp:term":[{"taxonomy":"product_cat","embeddable":true,"href":"https:\/\/doremimusical.com.br\/2019\/wp-json\/wp\/v2\/product_cat?post=213364"},{"taxonomy":"product_tag","embeddable":true,"href":"https:\/\/doremimusical.com.br\/2019\/wp-json\/wp\/v2\/product_tag?post=213364"}],"curies":[{"name":"wp","href":"https:\/\/api.w.org\/{rel}","templated":true}]}}