{"id":213362,"date":"2019-11-18T16:16:08","date_gmt":"2019-11-18T16:16:08","guid":{"rendered":"https:\/\/doremimusical.com.br\/2019\/?post_type=product&#038;p=213362"},"modified":"2021-10-14T17:29:06","modified_gmt":"2021-10-14T17:29:06","slug":"pele-uno-caixa-tom-10-12-13-14-16-polegadas-batedeira","status":"publish","type":"product","link":"https:\/\/doremimusical.com.br\/2019\/produto\/pele-uno-caixa-tom-10-12-13-14-16-polegadas-batedeira\/","title":{"rendered":"Pele Uno Caixa\/Tom 10&#8221; 12&#8221; 13&#8221; 14&#8221; 16 Polegadas Batedeira"},"content":{"rendered":"<p>Esta pele de filme duplo \u2013 7 mil (0,18mm) de espessura cada filme \u2013 possui consist\u00eancia e durabilidade extraordin\u00e1rias. Com a UNO Genera G2 transparente os tons suspensos ganham harm\u00f4nicos bem definidos e os surdos, graves encorpados. Com a possibilidade de afina\u00e7\u00e3o alta ou baixa para se enquadrar em diversos estilos, a UNO Genera G2 transparente responde a um alcance focado e um ataque n\u00edtido. \u00a0Quando usada como resposta, a UNO Genera G2 transparente adiciona foco a qualquer tambor, especialmente aos surdos, que auxiliam os tambores maiores a se projetarem. As peles UNO s\u00e3o presas de forma plissada em um anel de alta qualidade.<\/p>\n<table style=\"height: 207px;\" border=\"0\" width=\"485\" cellspacing=\"0\" cellpadding=\"0\">\n<colgroup>\n<col width=\"99\" \/>\n<col width=\"328\" \/>\n<col width=\"64\" \/><\/colgroup>\n<tbody>\n<tr>\n<td width=\"99\" height=\"28\"><strong>PRODUTO<\/strong><\/td>\n<td width=\"328\"><strong>NOME<\/strong><\/td>\n<td width=\"64\"><strong>C\u00d3DIGO<\/strong><\/td>\n<\/tr>\n<tr>\n<td height=\"28\"><\/td>\n<td width=\"328\"><\/td>\n<td><\/td>\n<\/tr>\n<tr>\n<td height=\"28\">UTT10G2<\/td>\n<td width=\"328\">UNO G2 Transparente 10\u2033<\/td>\n<td>18793<\/td>\n<\/tr>\n<tr>\n<td height=\"28\">UTT12G2<\/td>\n<td width=\"328\">UNO G2 Transparente 12\u2033<\/td>\n<td>18794<\/td>\n<\/tr>\n<tr>\n<td height=\"28\">UTT13G2<\/td>\n<td width=\"328\">UNO G2 Transparente 13\u2033<\/td>\n<td>18795<\/td>\n<\/tr>\n<tr>\n<td height=\"22\">UTT14G2<\/td>\n<td width=\"328\">UNO G2 Transparente 14\u2033<\/td>\n<td>18796<\/td>\n<\/tr>\n<tr>\n<td height=\"22\">UTT16G2<\/td>\n<td width=\"328\">UNO G2 Transparente 16\u2033<\/td>\n<td>18797<\/td>\n<\/tr>\n<\/tbody>\n<\/table>\n<p>&nbsp;<\/p>\n<p><iframe loading=\"lazy\" title=\"Destaques da Musical Express: UNO G2 - Evans\" width=\"1080\" height=\"608\" src=\"https:\/\/www.youtube.com\/embed\/Mtd0qMMXEnA?feature=oembed\"  allow=\"accelerometer; autoplay; clipboard-write; encrypted-media; gyroscope; picture-in-picture\" allowfullscreen><\/iframe><\/p>\n","protected":false},"excerpt":{"rendered":"<p><img loading=\"lazy\" class=\"alignnone size-full wp-image-213315\" src=\"https:\/\/doremimusical.com.br\/2019\/wp-content\/uploads\/2019\/11\/Uno.png\" alt=\"\" width=\"110\" height=\"72\" \/><\/p>\n","protected":false},"featured_media":213363,"template":"","meta":{"_et_pb_use_builder":"","_et_pb_old_content":"","_et_gb_content_width":""},"product_cat":[79,82,331,323],"product_tag":[],"_links":{"self":[{"href":"https:\/\/doremimusical.com.br\/2019\/wp-json\/wp\/v2\/product\/213362"}],"collection":[{"href":"https:\/\/doremimusical.com.br\/2019\/wp-json\/wp\/v2\/product"}],"about":[{"href":"https:\/\/doremimusical.com.br\/2019\/wp-json\/wp\/v2\/types\/product"}],"wp:featuredmedia":[{"embeddable":true,"href":"https:\/\/doremimusical.com.br\/2019\/wp-json\/wp\/v2\/media\/213363"}],"wp:attachment":[{"href":"https:\/\/doremimusical.com.br\/2019\/wp-json\/wp\/v2\/media?parent=213362"}],"wp:term":[{"taxonomy":"product_cat","embeddable":true,"href":"https:\/\/doremimusical.com.br\/2019\/wp-json\/wp\/v2\/product_cat?post=213362"},{"taxonomy":"product_tag","embeddable":true,"href":"https:\/\/doremimusical.com.br\/2019\/wp-json\/wp\/v2\/product_tag?post=213362"}],"curies":[{"name":"wp","href":"https:\/\/api.w.org\/{rel}","templated":true}]}}