{"id":213356,"date":"2019-11-18T15:07:59","date_gmt":"2019-11-18T15:07:59","guid":{"rendered":"https:\/\/doremimusical.com.br\/2019\/?post_type=product&#038;p=213356"},"modified":"2021-10-14T17:31:37","modified_gmt":"2021-10-14T17:31:37","slug":"pele-uno-caixa-batedeira-14-polegada-porosa","status":"publish","type":"product","link":"https:\/\/doremimusical.com.br\/2019\/produto\/pele-uno-caixa-batedeira-14-polegada-porosa\/","title":{"rendered":"Pele Uno Caixa Batedeira 14&#8221; Polegada Porosa"},"content":{"rendered":"<p>A UNO HD permite um rimshot agressivo e resposta equilibrada. Esta duradoura pele de camada dupla [filme externo: 7.5 mil (0,18mm) e filme interno: 5mil (0,13mm)] possui um anel de controle de harm\u00f4nicos com 2 mil (0,5mm) de espessura. A UNO HD \u201cfala forte\u201d ao vivo e ainda assim \u00e9 ideal para est\u00fadio. As peles UNO s\u00e3o presas de forma plissada em um anel de alta qualidade.<\/p>\n<p>Modelo: Uno By Evans Genera HD UB14HD<br \/>\nMarca: uno by Evans<br \/>\nCor: Porosa Branca<br \/>\nPele Filme duplo e Anel Abafador interno<br \/>\nDuas camadas 7.5 mil + Anel abafador de 2 mil<br \/>\nBoa durabilidade<br \/>\nAmpla resposta aberta e, inegavelmente<br \/>\nSonoridade aveludada e seca<br \/>\nSom limp\u00edssimo e controlado<\/p>\n","protected":false},"excerpt":{"rendered":"<p><img loading=\"lazy\" class=\"alignnone size-full wp-image-213315\" src=\"https:\/\/doremimusical.com.br\/2019\/wp-content\/uploads\/2019\/11\/Uno.png\" alt=\"\" width=\"110\" height=\"72\" \/><\/p>\n","protected":false},"featured_media":213357,"template":"","meta":{"_et_pb_use_builder":"","_et_pb_old_content":"","_et_gb_content_width":""},"product_cat":[79,82,331,323],"product_tag":[],"_links":{"self":[{"href":"https:\/\/doremimusical.com.br\/2019\/wp-json\/wp\/v2\/product\/213356"}],"collection":[{"href":"https:\/\/doremimusical.com.br\/2019\/wp-json\/wp\/v2\/product"}],"about":[{"href":"https:\/\/doremimusical.com.br\/2019\/wp-json\/wp\/v2\/types\/product"}],"wp:featuredmedia":[{"embeddable":true,"href":"https:\/\/doremimusical.com.br\/2019\/wp-json\/wp\/v2\/media\/213357"}],"wp:attachment":[{"href":"https:\/\/doremimusical.com.br\/2019\/wp-json\/wp\/v2\/media?parent=213356"}],"wp:term":[{"taxonomy":"product_cat","embeddable":true,"href":"https:\/\/doremimusical.com.br\/2019\/wp-json\/wp\/v2\/product_cat?post=213356"},{"taxonomy":"product_tag","embeddable":true,"href":"https:\/\/doremimusical.com.br\/2019\/wp-json\/wp\/v2\/product_tag?post=213356"}],"curies":[{"name":"wp","href":"https:\/\/api.w.org\/{rel}","templated":true}]}}