{"id":213355,"date":"2019-11-18T14:58:24","date_gmt":"2019-11-18T14:58:24","guid":{"rendered":"https:\/\/doremimusical.com.br\/2019\/?post_type=product&#038;p=213355"},"modified":"2021-10-14T17:32:31","modified_gmt":"2021-10-14T17:32:31","slug":"pele-uno-bumbo-22-polegadas","status":"publish","type":"product","link":"https:\/\/doremimusical.com.br\/2019\/produto\/pele-uno-bumbo-22-polegadas\/","title":{"rendered":"Pele Uno Bumbo 22&#8221; Polegadas Resposta"},"content":{"rendered":"<p>A pele UNO EQ3 \u00e9 uma pele de filme simples, preto, (0,18mm) de espessura sem an\u00e9is ou orif\u00edcios, produz um timbre bastante aberto com sustain m\u00e1ximo. As peles UNO s\u00e3o presas de forma plissada em um anel de alta qualidade.<\/p>\n<p>A UNO traz um n\u00edvel de qualidade e consist\u00eancia sonora inovadora para a categoria de peles plissadas, al\u00e9m de oferecer uma gama de possibilidade sonoras para m\u00fasicos de todos os estilos.<\/p>\n","protected":false},"excerpt":{"rendered":"<p><img loading=\"lazy\" class=\"alignnone size-full wp-image-213315\" src=\"https:\/\/doremimusical.com.br\/2019\/wp-content\/uploads\/2019\/11\/Uno.png\" alt=\"\" width=\"110\" height=\"72\" \/><\/p>\n","protected":false},"featured_media":213354,"template":"","meta":{"_et_pb_use_builder":"","_et_pb_old_content":"","_et_gb_content_width":""},"product_cat":[79,82,331,323],"product_tag":[],"_links":{"self":[{"href":"https:\/\/doremimusical.com.br\/2019\/wp-json\/wp\/v2\/product\/213355"}],"collection":[{"href":"https:\/\/doremimusical.com.br\/2019\/wp-json\/wp\/v2\/product"}],"about":[{"href":"https:\/\/doremimusical.com.br\/2019\/wp-json\/wp\/v2\/types\/product"}],"wp:featuredmedia":[{"embeddable":true,"href":"https:\/\/doremimusical.com.br\/2019\/wp-json\/wp\/v2\/media\/213354"}],"wp:attachment":[{"href":"https:\/\/doremimusical.com.br\/2019\/wp-json\/wp\/v2\/media?parent=213355"}],"wp:term":[{"taxonomy":"product_cat","embeddable":true,"href":"https:\/\/doremimusical.com.br\/2019\/wp-json\/wp\/v2\/product_cat?post=213355"},{"taxonomy":"product_tag","embeddable":true,"href":"https:\/\/doremimusical.com.br\/2019\/wp-json\/wp\/v2\/product_tag?post=213355"}],"curies":[{"name":"wp","href":"https:\/\/api.w.org\/{rel}","templated":true}]}}