{"id":213351,"date":"2019-11-18T14:51:44","date_gmt":"2019-11-18T14:51:44","guid":{"rendered":"https:\/\/doremimusical.com.br\/2019\/?post_type=product&#038;p=213351"},"modified":"2021-10-14T17:34:22","modified_gmt":"2021-10-14T17:34:22","slug":"pele-uno-bumbo-eq4-22-polegadas","status":"publish","type":"product","link":"https:\/\/doremimusical.com.br\/2019\/produto\/pele-uno-bumbo-eq4-22-polegadas\/","title":{"rendered":"Pele Uno Bumbo EQ4 22&#8221; Polegadas"},"content":{"rendered":"<p>Produz um punch otimizado sem eliminar os graves. Um filme especial torna esta pele de 10 mil (0,25mm) mais \u00e1spera. A espessura do anel interno com largura proporcional ao tamanho da pele otimiza o controle de 20&#8243; a 22&#8243;. As peles UNO s\u00e3o presas de forma plissada em um anel de alta qualidade.<\/p>\n<p>A UNO traz um n\u00edvel de qualidade e consist\u00eancia sonora inovadora para a categoria de peles plissadas, al\u00e9m de oferecer uma gama de possibilidade sonoras para m\u00fasicos de todos os estilos.<\/p>\n<p><strong>Pele Transparente Bumbo 22<\/strong><\/p>\n<p><strong>*\u00a0Modelo:<\/strong>\u00a0UBD 22 EQ4<br \/>\n<strong>*\u00a0S\u00e9rie:<\/strong>\u00a0Uno<br \/>\n<strong>*\u00a0Categoria:<\/strong>\u00a0Bumbo<br \/>\n<strong>*\u00a0Medida:<\/strong>\u00a022&#8243;<\/p>\n","protected":false},"excerpt":{"rendered":"<p><img loading=\"lazy\" class=\"alignnone size-full wp-image-213315\" src=\"https:\/\/doremimusical.com.br\/2019\/wp-content\/uploads\/2019\/11\/Uno.png\" alt=\"\" width=\"110\" height=\"72\" \/><\/p>\n","protected":false},"featured_media":213352,"template":"","meta":{"_et_pb_use_builder":"","_et_pb_old_content":"","_et_gb_content_width":""},"product_cat":[79,82,331,323],"product_tag":[],"_links":{"self":[{"href":"https:\/\/doremimusical.com.br\/2019\/wp-json\/wp\/v2\/product\/213351"}],"collection":[{"href":"https:\/\/doremimusical.com.br\/2019\/wp-json\/wp\/v2\/product"}],"about":[{"href":"https:\/\/doremimusical.com.br\/2019\/wp-json\/wp\/v2\/types\/product"}],"wp:featuredmedia":[{"embeddable":true,"href":"https:\/\/doremimusical.com.br\/2019\/wp-json\/wp\/v2\/media\/213352"}],"wp:attachment":[{"href":"https:\/\/doremimusical.com.br\/2019\/wp-json\/wp\/v2\/media?parent=213351"}],"wp:term":[{"taxonomy":"product_cat","embeddable":true,"href":"https:\/\/doremimusical.com.br\/2019\/wp-json\/wp\/v2\/product_cat?post=213351"},{"taxonomy":"product_tag","embeddable":true,"href":"https:\/\/doremimusical.com.br\/2019\/wp-json\/wp\/v2\/product_tag?post=213351"}],"curies":[{"name":"wp","href":"https:\/\/api.w.org\/{rel}","templated":true}]}}