{"id":213349,"date":"2019-11-18T14:42:21","date_gmt":"2019-11-18T14:42:21","guid":{"rendered":"https:\/\/doremimusical.com.br\/2019\/?post_type=product&#038;p=213349"},"modified":"2021-10-14T17:35:32","modified_gmt":"2021-10-14T17:35:32","slug":"kit-de-pele-uno","status":"publish","type":"product","link":"https:\/\/doremimusical.com.br\/2019\/produto\/kit-de-pele-uno\/","title":{"rendered":"Kit de Pele Uno"},"content":{"rendered":"<p>Kit de Pele para Bateria Evans 12&#8243; 13&#8243; 16&#8243; 22&#8243; e 14&#8243; UNO STD UPG2CLS22<br \/>\nPeles para Tons e Surdo 12&#8243;, 13&#8243;e 16&#8243; Uno G2<br \/>\nUno genera G2 com filme duplo 7 mil (0,18mm) de espessura em cada filme para proporcionar consist\u00eancia e durabilidade extraordin\u00e1rias. Com a UNO Genera G2 transparente os tons suspensos ganham harm\u00f4nicos bem definidos e os surdos, graves encorpados. Com a possibilidade de afina\u00e7\u00e3o alta ou baixa para se enquadrar em diversos estilos, a UNO Genera G2 transparente responde a um alcance focado e um ataque n\u00edtido.<br \/>\nPele para Caixa 14&#8243; UNO Genera<br \/>\nA UNO Genera \u00e9 uma pele porosa de filme simples com 10 mil de espessura (0,25mm) e expans\u00e3o cheia, caracter\u00edstica de peles de filme duplo. Apresenta um anel de 2 mil (0,5mm) de espessura aplicado na parte interna da pele, que elimina harm\u00f4nicos excessivos.<br \/>\nPele para Bumbo 22&#8243; Uno EQ4<br \/>\nPele UNO EQ 4 que Produz um punch otimizado sem eliminar os graves. Um filme especial torna esta pele de 10 mil (0,25mm) mais \u00e1spera. A espessura do anel interno com largura proporcional ao tamanho da pele otimiza o controle.<br \/>\nAs peles UNO s\u00e3o presas de forma plissada em um anel de alta qualidade<\/p>\n","protected":false},"excerpt":{"rendered":"<p><img loading=\"lazy\" class=\"alignnone size-full wp-image-213315\" src=\"https:\/\/doremimusical.com.br\/2019\/wp-content\/uploads\/2019\/11\/Uno.png\" alt=\"\" width=\"110\" height=\"72\" \/><\/p>\n","protected":false},"featured_media":213350,"template":"","meta":{"_et_pb_use_builder":"","_et_pb_old_content":"","_et_gb_content_width":""},"product_cat":[79,82,331,323],"product_tag":[],"_links":{"self":[{"href":"https:\/\/doremimusical.com.br\/2019\/wp-json\/wp\/v2\/product\/213349"}],"collection":[{"href":"https:\/\/doremimusical.com.br\/2019\/wp-json\/wp\/v2\/product"}],"about":[{"href":"https:\/\/doremimusical.com.br\/2019\/wp-json\/wp\/v2\/types\/product"}],"wp:featuredmedia":[{"embeddable":true,"href":"https:\/\/doremimusical.com.br\/2019\/wp-json\/wp\/v2\/media\/213350"}],"wp:attachment":[{"href":"https:\/\/doremimusical.com.br\/2019\/wp-json\/wp\/v2\/media?parent=213349"}],"wp:term":[{"taxonomy":"product_cat","embeddable":true,"href":"https:\/\/doremimusical.com.br\/2019\/wp-json\/wp\/v2\/product_cat?post=213349"},{"taxonomy":"product_tag","embeddable":true,"href":"https:\/\/doremimusical.com.br\/2019\/wp-json\/wp\/v2\/product_tag?post=213349"}],"curies":[{"name":"wp","href":"https:\/\/api.w.org\/{rel}","templated":true}]}}