{"id":213345,"date":"2019-11-16T21:08:01","date_gmt":"2019-11-16T21:08:01","guid":{"rendered":"https:\/\/doremimusical.com.br\/2019\/?post_type=product&#038;p=213345"},"modified":"2019-11-16T21:08:01","modified_gmt":"2019-11-16T21:08:01","slug":"encordoamento-sg-guitarra-010","status":"publish","type":"product","link":"https:\/\/doremimusical.com.br\/2019\/produto\/encordoamento-sg-guitarra-010\/","title":{"rendered":"Encordoamento SG Guitarra 010"},"content":{"rendered":"<p>Encordoamento com tens\u00e3o Light, resulta em uma sonoridade presente, n\u00edtida e suave. Ideal para quem busca um som com bom sustain, brilho nos m\u00e9dios e graves quentes. Ideal para m\u00fasicos que tocam estilos musicais diversos, possibilitando a versatilidade, como por exemplo o Pop, o Jazz e o Rock. A linha n\u00edquel da SG com certeza \u00e9 o que voc\u00ea precisa. Feita com material de primeira qualidade, as cordas de n\u00edquel apresentam a sonoridade mais equilibrada dentre os materiais utilizados para esta finalidade, alcan\u00e7ando desde um brilho extremo para o rock at\u00e9 um som mais encorpado, essencial para o jazz. Com uma gama muito grande de calibres, esta linha foi feita para trazer o m\u00e1ximo de conforto aos guitarristas mais exigentes. No processo de fabrica\u00e7\u00e3o ainda existe todo um cuidado no armazenamento e manuseio dos materiais para que a durabilidade das cordas seja estendida. Medidas para uso em escala com comprimento de 25\u00bd\u201d\/ 648mm. Cordas primas em a\u00e7o estanhado cil\u00edndrico. Bord\u00f5es com revestimento de a\u00e7o niquelado NPS e n\u00facleo hexagonal de a\u00e7o estanhado. C\u00f3d: 5198<\/p>\n<p>&nbsp;<\/p>\n<table id=\"tablepress-14\" class=\"tablepress tablepress-id-14 electric-guitar\">\n<thead>\n<tr class=\"row-1\">\n<th class=\"column-1\">TENS\u00c3O<\/th>\n<th class=\"column-2\">E1<\/th>\n<th class=\"column-3\">B2<\/th>\n<th class=\"column-4\">G3<\/th>\n<th class=\"column-5\">D4<\/th>\n<th class=\"column-6\">A5<\/th>\n<th class=\"column-7\">E6<\/th>\n<th class=\"column-8\">B7<\/th>\n<\/tr>\n<\/thead>\n<tbody>\n<tr class=\"row-2\">\n<td class=\"column-1\">Light<\/td>\n<td class=\"column-2\">.010<\/td>\n<td class=\"column-3\">.013<\/td>\n<td class=\"column-4\">.017<\/td>\n<td class=\"column-5\">.026<\/td>\n<td class=\"column-6\">.036<\/td>\n<td class=\"column-7\">.046<\/td>\n<td class=\"column-8\">&#8211;<\/td>\n<\/tr>\n<\/tbody>\n<\/table>\n","protected":false},"excerpt":{"rendered":"<p><img loading=\"lazy\" class=\"alignnone size-full wp-image-213324\" src=\"https:\/\/doremimusical.com.br\/2019\/wp-content\/uploads\/2019\/11\/SG.png\" alt=\"\" width=\"95\" height=\"65\" \/><\/p>\n","protected":false},"featured_media":213346,"template":"","meta":{"_et_pb_use_builder":"","_et_pb_old_content":"","_et_gb_content_width":""},"product_cat":[79,82,284,329,326],"product_tag":[],"_links":{"self":[{"href":"https:\/\/doremimusical.com.br\/2019\/wp-json\/wp\/v2\/product\/213345"}],"collection":[{"href":"https:\/\/doremimusical.com.br\/2019\/wp-json\/wp\/v2\/product"}],"about":[{"href":"https:\/\/doremimusical.com.br\/2019\/wp-json\/wp\/v2\/types\/product"}],"wp:featuredmedia":[{"embeddable":true,"href":"https:\/\/doremimusical.com.br\/2019\/wp-json\/wp\/v2\/media\/213346"}],"wp:attachment":[{"href":"https:\/\/doremimusical.com.br\/2019\/wp-json\/wp\/v2\/media?parent=213345"}],"wp:term":[{"taxonomy":"product_cat","embeddable":true,"href":"https:\/\/doremimusical.com.br\/2019\/wp-json\/wp\/v2\/product_cat?post=213345"},{"taxonomy":"product_tag","embeddable":true,"href":"https:\/\/doremimusical.com.br\/2019\/wp-json\/wp\/v2\/product_tag?post=213345"}],"curies":[{"name":"wp","href":"https:\/\/api.w.org\/{rel}","templated":true}]}}